{"id":3214,"date":"2024-08-23T12:00:20","date_gmt":"2025-05-14T07:44:34","guid":{"rendered":"https:\/\/mellacaseta.cat\/producte\/cera-de-abeja\/"},"modified":"2025-05-14T09:44:34","modified_gmt":"2025-05-14T07:44:34","slug":"cera-de-abeja","status":"publish","type":"product","link":"https:\/\/mellacaseta.cat\/es\/producte\/cera-de-abeja\/","title":{"rendered":"Cera de abeja"},"content":{"rendered":"<p>La cera de abeja es secretada por las gl\u00e1ndulas cerezas de las abejas j\u00f3venes. Puede ser utilizada para hacer cremas, jabones, velas, depilaci\u00f3n, protecci\u00f3n de muebles, entre otras muchas opciones.<\/p>\n","protected":false},"excerpt":{"rendered":"<p>Cera 100% natural de abeja.<br \/>\n Contenido: 150 gr.<\/p>\n","protected":false},"featured_media":3217,"template":"","meta":[],"product_brand":[],"product_cat":[42],"product_tag":[],"class_list":{"0":"post-3214","1":"product","2":"type-product","3":"status-publish","4":"has-post-thumbnail","6":"product_cat-velas","8":"first","9":"instock","10":"taxable","11":"shipping-taxable","12":"purchasable","13":"product-type-simple"},"yoast_head":"<!-- This site is optimized with the Yoast SEO plugin v27.2 - https:\/\/yoast.com\/product\/yoast-seo-wordpress\/ -->\n<title>Cera de abeja natural del Bergued\u00e0<\/title>\n<meta name=\"description\" content=\"Adquiere cera de abeja 100% natural\" \/>\n<meta name=\"robots\" content=\"index, follow, max-snippet:-1, max-image-preview:large, max-video-preview:-1\" \/>\n<link rel=\"canonical\" href=\"https:\/\/mellacaseta.cat\/es\/producte\/cera-de-abeja\/\" \/>\n<meta property=\"og:locale\" content=\"es_ES\" \/>\n<meta property=\"og:type\" content=\"article\" \/>\n<meta property=\"og:title\" content=\"Cera de abeja natural del Bergued\u00e0\" \/>\n<meta property=\"og:description\" content=\"Adquiere cera de abeja 100% natural\" \/>\n<meta property=\"og:url\" content=\"https:\/\/mellacaseta.cat\/es\/producte\/cera-de-abeja\/\" \/>\n<meta property=\"og:site_name\" content=\"Mel La Caseta\" \/>\n<meta property=\"og:image\" content=\"https:\/\/mellacaseta.cat\/wp-content\/uploads\/2024\/10\/mel-la-caseta-034-scaled.jpg\" \/>\n\t<meta property=\"og:image:width\" content=\"2560\" \/>\n\t<meta property=\"og:image:height\" content=\"1709\" \/>\n\t<meta property=\"og:image:type\" content=\"image\/jpeg\" \/>\n<meta name=\"twitter:card\" content=\"summary_large_image\" \/>\n<script type=\"application\/ld+json\" class=\"yoast-schema-graph\">{\"@context\":\"https:\/\/schema.org\",\"@graph\":[{\"@type\":\"WebPage\",\"@id\":\"https:\/\/mellacaseta.cat\/es\/producte\/cera-de-abeja\/\",\"url\":\"https:\/\/mellacaseta.cat\/es\/producte\/cera-de-abeja\/\",\"name\":\"Cera de abeja natural del Bergued\u00e0\",\"isPartOf\":{\"@id\":\"https:\/\/mellacaseta.cat\/es\/#website\"},\"primaryImageOfPage\":{\"@id\":\"https:\/\/mellacaseta.cat\/es\/producte\/cera-de-abeja\/#primaryimage\"},\"image\":{\"@id\":\"https:\/\/mellacaseta.cat\/es\/producte\/cera-de-abeja\/#primaryimage\"},\"thumbnailUrl\":\"https:\/\/mellacaseta.cat\/wp-content\/uploads\/2024\/10\/mel-la-caseta-034-scaled.jpg\",\"datePublished\":\"2025-05-14T07:44:34+00:00\",\"description\":\"Adquiere cera de abeja 100% natural\",\"breadcrumb\":{\"@id\":\"https:\/\/mellacaseta.cat\/es\/producte\/cera-de-abeja\/#breadcrumb\"},\"inLanguage\":\"es\",\"potentialAction\":[{\"@type\":\"ReadAction\",\"target\":[\"https:\/\/mellacaseta.cat\/es\/producte\/cera-de-abeja\/\"]}]},{\"@type\":\"ImageObject\",\"inLanguage\":\"es\",\"@id\":\"https:\/\/mellacaseta.cat\/es\/producte\/cera-de-abeja\/#primaryimage\",\"url\":\"https:\/\/mellacaseta.cat\/wp-content\/uploads\/2024\/10\/mel-la-caseta-034-scaled.jpg\",\"contentUrl\":\"https:\/\/mellacaseta.cat\/wp-content\/uploads\/2024\/10\/mel-la-caseta-034-scaled.jpg\",\"width\":2560,\"height\":1709},{\"@type\":\"BreadcrumbList\",\"@id\":\"https:\/\/mellacaseta.cat\/es\/producte\/cera-de-abeja\/#breadcrumb\",\"itemListElement\":[{\"@type\":\"ListItem\",\"position\":1,\"name\":\"Inici\",\"item\":\"https:\/\/mellacaseta.cat\/es\/inicio\/\"},{\"@type\":\"ListItem\",\"position\":2,\"name\":\"Productos\",\"item\":\"https:\/\/mellacaseta.cat\/es\/shop\/\"},{\"@type\":\"ListItem\",\"position\":3,\"name\":\"Cera de abeja\"}]},{\"@type\":\"WebSite\",\"@id\":\"https:\/\/mellacaseta.cat\/es\/#website\",\"url\":\"https:\/\/mellacaseta.cat\/es\/\",\"name\":\"Mel La Caseta\",\"description\":\"Mel 100% artesanal al cor del Bergued\u00e0\",\"potentialAction\":[{\"@type\":\"SearchAction\",\"target\":{\"@type\":\"EntryPoint\",\"urlTemplate\":\"https:\/\/mellacaseta.cat\/es\/?s={search_term_string}\"},\"query-input\":{\"@type\":\"PropertyValueSpecification\",\"valueRequired\":true,\"valueName\":\"search_term_string\"}}],\"inLanguage\":\"es\"}]}<\/script>\n<!-- \/ Yoast SEO plugin. -->","yoast_head_json":{"title":"Cera de abeja natural del Bergued\u00e0","description":"Adquiere cera de abeja 100% natural","robots":{"index":"index","follow":"follow","max-snippet":"max-snippet:-1","max-image-preview":"max-image-preview:large","max-video-preview":"max-video-preview:-1"},"canonical":"https:\/\/mellacaseta.cat\/es\/producte\/cera-de-abeja\/","og_locale":"es_ES","og_type":"article","og_title":"Cera de abeja natural del Bergued\u00e0","og_description":"Adquiere cera de abeja 100% natural","og_url":"https:\/\/mellacaseta.cat\/es\/producte\/cera-de-abeja\/","og_site_name":"Mel La Caseta","og_image":[{"width":2560,"height":1709,"url":"https:\/\/mellacaseta.cat\/wp-content\/uploads\/2024\/10\/mel-la-caseta-034-scaled.jpg","type":"image\/jpeg"}],"twitter_card":"summary_large_image","schema":{"@context":"https:\/\/schema.org","@graph":[{"@type":"WebPage","@id":"https:\/\/mellacaseta.cat\/es\/producte\/cera-de-abeja\/","url":"https:\/\/mellacaseta.cat\/es\/producte\/cera-de-abeja\/","name":"Cera de abeja natural del Bergued\u00e0","isPartOf":{"@id":"https:\/\/mellacaseta.cat\/es\/#website"},"primaryImageOfPage":{"@id":"https:\/\/mellacaseta.cat\/es\/producte\/cera-de-abeja\/#primaryimage"},"image":{"@id":"https:\/\/mellacaseta.cat\/es\/producte\/cera-de-abeja\/#primaryimage"},"thumbnailUrl":"https:\/\/mellacaseta.cat\/wp-content\/uploads\/2024\/10\/mel-la-caseta-034-scaled.jpg","datePublished":"2025-05-14T07:44:34+00:00","description":"Adquiere cera de abeja 100% natural","breadcrumb":{"@id":"https:\/\/mellacaseta.cat\/es\/producte\/cera-de-abeja\/#breadcrumb"},"inLanguage":"es","potentialAction":[{"@type":"ReadAction","target":["https:\/\/mellacaseta.cat\/es\/producte\/cera-de-abeja\/"]}]},{"@type":"ImageObject","inLanguage":"es","@id":"https:\/\/mellacaseta.cat\/es\/producte\/cera-de-abeja\/#primaryimage","url":"https:\/\/mellacaseta.cat\/wp-content\/uploads\/2024\/10\/mel-la-caseta-034-scaled.jpg","contentUrl":"https:\/\/mellacaseta.cat\/wp-content\/uploads\/2024\/10\/mel-la-caseta-034-scaled.jpg","width":2560,"height":1709},{"@type":"BreadcrumbList","@id":"https:\/\/mellacaseta.cat\/es\/producte\/cera-de-abeja\/#breadcrumb","itemListElement":[{"@type":"ListItem","position":1,"name":"Inici","item":"https:\/\/mellacaseta.cat\/es\/inicio\/"},{"@type":"ListItem","position":2,"name":"Productos","item":"https:\/\/mellacaseta.cat\/es\/shop\/"},{"@type":"ListItem","position":3,"name":"Cera de abeja"}]},{"@type":"WebSite","@id":"https:\/\/mellacaseta.cat\/es\/#website","url":"https:\/\/mellacaseta.cat\/es\/","name":"Mel La Caseta","description":"Mel 100% artesanal al cor del Bergued\u00e0","potentialAction":[{"@type":"SearchAction","target":{"@type":"EntryPoint","urlTemplate":"https:\/\/mellacaseta.cat\/es\/?s={search_term_string}"},"query-input":{"@type":"PropertyValueSpecification","valueRequired":true,"valueName":"search_term_string"}}],"inLanguage":"es"}]}},"_links":{"self":[{"href":"https:\/\/mellacaseta.cat\/es\/wp-json\/wp\/v2\/product\/3214","targetHints":{"allow":["GET"]}}],"collection":[{"href":"https:\/\/mellacaseta.cat\/es\/wp-json\/wp\/v2\/product"}],"about":[{"href":"https:\/\/mellacaseta.cat\/es\/wp-json\/wp\/v2\/types\/product"}],"wp:featuredmedia":[{"embeddable":true,"href":"https:\/\/mellacaseta.cat\/es\/wp-json\/wp\/v2\/media\/3217"}],"wp:attachment":[{"href":"https:\/\/mellacaseta.cat\/es\/wp-json\/wp\/v2\/media?parent=3214"}],"wp:term":[{"taxonomy":"product_brand","embeddable":true,"href":"https:\/\/mellacaseta.cat\/es\/wp-json\/wp\/v2\/product_brand?post=3214"},{"taxonomy":"product_cat","embeddable":true,"href":"https:\/\/mellacaseta.cat\/es\/wp-json\/wp\/v2\/product_cat?post=3214"},{"taxonomy":"product_tag","embeddable":true,"href":"https:\/\/mellacaseta.cat\/es\/wp-json\/wp\/v2\/product_tag?post=3214"}],"curies":[{"name":"wp","href":"https:\/\/api.w.org\/{rel}","templated":true}]}}