{"id":3191,"date":"2024-10-14T11:58:39","date_gmt":"2024-10-14T09:58:39","guid":{"rendered":"https:\/\/mellacaseta.cat\/producte\/lote-3x50-gr\/"},"modified":"2025-05-14T09:30:09","modified_gmt":"2025-05-14T07:30:09","slug":"lote-3x50-gr","status":"publish","type":"product","link":"https:\/\/mellacaseta.cat\/es\/producte\/lote-3x50-gr\/","title":{"rendered":"Lote 3&#215;50 gr"},"content":{"rendered":"<p>Un lote perfecto para descubrir los tesoros m\u00e1s dulces de la naturaleza.<\/p>\n<p> Con miel de romero y milflores y un toque de polen, este conjunto es ideal para una cata suave y revitalizante.<\/p>\n","protected":false},"excerpt":{"rendered":"<h3><strong>\u00a1Descubre el dulce sabor de la naturaleza del Bergued\u00e0!<\/strong><\/h3>\n<p>Nuestros lotes de miel artesana, recogida en las tierras del Bergued\u00e0, son una experiencia \u00fanica que trae la frescura de la naturaleza a tu paladar. Regala un toque de calidad y sabor aut\u00e9ntico, sorprendiendo con un obsequio natural y delicioso para cualquier ocasi\u00f3n. <\/p>\n","protected":false},"featured_media":3192,"template":"","meta":[],"product_brand":[],"product_cat":[44],"product_tag":[],"class_list":{"0":"post-3191","1":"product","2":"type-product","3":"status-publish","4":"has-post-thumbnail","6":"product_cat-packs-regalo","8":"first","9":"outofstock","10":"taxable","11":"shipping-taxable","12":"purchasable","13":"product-type-simple"},"yoast_head":"<!-- This site is optimized with the Yoast SEO plugin v27.2 - https:\/\/yoast.com\/product\/yoast-seo-wordpress\/ -->\n<title>Lote 3 botes de miel 50g del Bergued\u00e0<\/title>\n<meta name=\"description\" content=\"Peque\u00f1o lote degustaci\u00f3n de miel artesana con tres botes de 50 gramos cada uno. Producto del Bergued\u00e0.\" \/>\n<meta name=\"robots\" content=\"index, follow, max-snippet:-1, max-image-preview:large, max-video-preview:-1\" \/>\n<link rel=\"canonical\" href=\"https:\/\/mellacaseta.cat\/es\/producte\/lote-3x50-gr\/\" \/>\n<meta property=\"og:locale\" content=\"es_ES\" \/>\n<meta property=\"og:type\" content=\"article\" \/>\n<meta property=\"og:title\" content=\"Lote 3 botes de miel 50g del Bergued\u00e0\" \/>\n<meta property=\"og:description\" content=\"Peque\u00f1o lote degustaci\u00f3n de miel artesana con tres botes de 50 gramos cada uno. Producto del Bergued\u00e0.\" \/>\n<meta property=\"og:url\" content=\"https:\/\/mellacaseta.cat\/es\/producte\/lote-3x50-gr\/\" \/>\n<meta property=\"og:site_name\" content=\"Mel La Caseta\" \/>\n<meta property=\"article:modified_time\" content=\"2025-05-14T07:30:09+00:00\" \/>\n<meta property=\"og:image\" content=\"https:\/\/mellacaseta.cat\/wp-content\/uploads\/2024\/11\/mel-la-caseta-041-e1736768568259.jpg\" \/>\n\t<meta property=\"og:image:width\" content=\"1710\" \/>\n\t<meta property=\"og:image:height\" content=\"1555\" \/>\n\t<meta property=\"og:image:type\" content=\"image\/jpeg\" \/>\n<meta name=\"twitter:card\" content=\"summary_large_image\" \/>\n<script type=\"application\/ld+json\" class=\"yoast-schema-graph\">{\"@context\":\"https:\/\/schema.org\",\"@graph\":[{\"@type\":\"WebPage\",\"@id\":\"https:\/\/mellacaseta.cat\/es\/producte\/lote-3x50-gr\/\",\"url\":\"https:\/\/mellacaseta.cat\/es\/producte\/lote-3x50-gr\/\",\"name\":\"Lote 3 botes de miel 50g del Bergued\u00e0\",\"isPartOf\":{\"@id\":\"https:\/\/mellacaseta.cat\/es\/#website\"},\"primaryImageOfPage\":{\"@id\":\"https:\/\/mellacaseta.cat\/es\/producte\/lote-3x50-gr\/#primaryimage\"},\"image\":{\"@id\":\"https:\/\/mellacaseta.cat\/es\/producte\/lote-3x50-gr\/#primaryimage\"},\"thumbnailUrl\":\"https:\/\/mellacaseta.cat\/wp-content\/uploads\/2024\/11\/mel-la-caseta-041-e1736768568259.jpg\",\"datePublished\":\"2024-10-14T09:58:39+00:00\",\"dateModified\":\"2025-05-14T07:30:09+00:00\",\"description\":\"Peque\u00f1o lote degustaci\u00f3n de miel artesana con tres botes de 50 gramos cada uno. Producto del Bergued\u00e0.\",\"breadcrumb\":{\"@id\":\"https:\/\/mellacaseta.cat\/es\/producte\/lote-3x50-gr\/#breadcrumb\"},\"inLanguage\":\"es\",\"potentialAction\":[{\"@type\":\"ReadAction\",\"target\":[\"https:\/\/mellacaseta.cat\/es\/producte\/lote-3x50-gr\/\"]}]},{\"@type\":\"ImageObject\",\"inLanguage\":\"es\",\"@id\":\"https:\/\/mellacaseta.cat\/es\/producte\/lote-3x50-gr\/#primaryimage\",\"url\":\"https:\/\/mellacaseta.cat\/wp-content\/uploads\/2024\/11\/mel-la-caseta-041-e1736768568259.jpg\",\"contentUrl\":\"https:\/\/mellacaseta.cat\/wp-content\/uploads\/2024\/11\/mel-la-caseta-041-e1736768568259.jpg\",\"width\":1710,\"height\":1555,\"caption\":\"Mel La Caseta\"},{\"@type\":\"BreadcrumbList\",\"@id\":\"https:\/\/mellacaseta.cat\/es\/producte\/lote-3x50-gr\/#breadcrumb\",\"itemListElement\":[{\"@type\":\"ListItem\",\"position\":1,\"name\":\"Inici\",\"item\":\"https:\/\/mellacaseta.cat\/es\/inicio\/\"},{\"@type\":\"ListItem\",\"position\":2,\"name\":\"Productos\",\"item\":\"https:\/\/mellacaseta.cat\/es\/shop\/\"},{\"@type\":\"ListItem\",\"position\":3,\"name\":\"Lote 3&#215;50 gr\"}]},{\"@type\":\"WebSite\",\"@id\":\"https:\/\/mellacaseta.cat\/es\/#website\",\"url\":\"https:\/\/mellacaseta.cat\/es\/\",\"name\":\"Mel La Caseta\",\"description\":\"Mel 100% artesanal al cor del Bergued\u00e0\",\"potentialAction\":[{\"@type\":\"SearchAction\",\"target\":{\"@type\":\"EntryPoint\",\"urlTemplate\":\"https:\/\/mellacaseta.cat\/es\/?s={search_term_string}\"},\"query-input\":{\"@type\":\"PropertyValueSpecification\",\"valueRequired\":true,\"valueName\":\"search_term_string\"}}],\"inLanguage\":\"es\"}]}<\/script>\n<!-- \/ Yoast SEO plugin. -->","yoast_head_json":{"title":"Lote 3 botes de miel 50g del Bergued\u00e0","description":"Peque\u00f1o lote degustaci\u00f3n de miel artesana con tres botes de 50 gramos cada uno. Producto del Bergued\u00e0.","robots":{"index":"index","follow":"follow","max-snippet":"max-snippet:-1","max-image-preview":"max-image-preview:large","max-video-preview":"max-video-preview:-1"},"canonical":"https:\/\/mellacaseta.cat\/es\/producte\/lote-3x50-gr\/","og_locale":"es_ES","og_type":"article","og_title":"Lote 3 botes de miel 50g del Bergued\u00e0","og_description":"Peque\u00f1o lote degustaci\u00f3n de miel artesana con tres botes de 50 gramos cada uno. Producto del Bergued\u00e0.","og_url":"https:\/\/mellacaseta.cat\/es\/producte\/lote-3x50-gr\/","og_site_name":"Mel La Caseta","article_modified_time":"2025-05-14T07:30:09+00:00","og_image":[{"width":1710,"height":1555,"url":"https:\/\/mellacaseta.cat\/wp-content\/uploads\/2024\/11\/mel-la-caseta-041-e1736768568259.jpg","type":"image\/jpeg"}],"twitter_card":"summary_large_image","schema":{"@context":"https:\/\/schema.org","@graph":[{"@type":"WebPage","@id":"https:\/\/mellacaseta.cat\/es\/producte\/lote-3x50-gr\/","url":"https:\/\/mellacaseta.cat\/es\/producte\/lote-3x50-gr\/","name":"Lote 3 botes de miel 50g del Bergued\u00e0","isPartOf":{"@id":"https:\/\/mellacaseta.cat\/es\/#website"},"primaryImageOfPage":{"@id":"https:\/\/mellacaseta.cat\/es\/producte\/lote-3x50-gr\/#primaryimage"},"image":{"@id":"https:\/\/mellacaseta.cat\/es\/producte\/lote-3x50-gr\/#primaryimage"},"thumbnailUrl":"https:\/\/mellacaseta.cat\/wp-content\/uploads\/2024\/11\/mel-la-caseta-041-e1736768568259.jpg","datePublished":"2024-10-14T09:58:39+00:00","dateModified":"2025-05-14T07:30:09+00:00","description":"Peque\u00f1o lote degustaci\u00f3n de miel artesana con tres botes de 50 gramos cada uno. Producto del Bergued\u00e0.","breadcrumb":{"@id":"https:\/\/mellacaseta.cat\/es\/producte\/lote-3x50-gr\/#breadcrumb"},"inLanguage":"es","potentialAction":[{"@type":"ReadAction","target":["https:\/\/mellacaseta.cat\/es\/producte\/lote-3x50-gr\/"]}]},{"@type":"ImageObject","inLanguage":"es","@id":"https:\/\/mellacaseta.cat\/es\/producte\/lote-3x50-gr\/#primaryimage","url":"https:\/\/mellacaseta.cat\/wp-content\/uploads\/2024\/11\/mel-la-caseta-041-e1736768568259.jpg","contentUrl":"https:\/\/mellacaseta.cat\/wp-content\/uploads\/2024\/11\/mel-la-caseta-041-e1736768568259.jpg","width":1710,"height":1555,"caption":"Mel La Caseta"},{"@type":"BreadcrumbList","@id":"https:\/\/mellacaseta.cat\/es\/producte\/lote-3x50-gr\/#breadcrumb","itemListElement":[{"@type":"ListItem","position":1,"name":"Inici","item":"https:\/\/mellacaseta.cat\/es\/inicio\/"},{"@type":"ListItem","position":2,"name":"Productos","item":"https:\/\/mellacaseta.cat\/es\/shop\/"},{"@type":"ListItem","position":3,"name":"Lote 3&#215;50 gr"}]},{"@type":"WebSite","@id":"https:\/\/mellacaseta.cat\/es\/#website","url":"https:\/\/mellacaseta.cat\/es\/","name":"Mel La Caseta","description":"Mel 100% artesanal al cor del Bergued\u00e0","potentialAction":[{"@type":"SearchAction","target":{"@type":"EntryPoint","urlTemplate":"https:\/\/mellacaseta.cat\/es\/?s={search_term_string}"},"query-input":{"@type":"PropertyValueSpecification","valueRequired":true,"valueName":"search_term_string"}}],"inLanguage":"es"}]}},"_links":{"self":[{"href":"https:\/\/mellacaseta.cat\/es\/wp-json\/wp\/v2\/product\/3191","targetHints":{"allow":["GET"]}}],"collection":[{"href":"https:\/\/mellacaseta.cat\/es\/wp-json\/wp\/v2\/product"}],"about":[{"href":"https:\/\/mellacaseta.cat\/es\/wp-json\/wp\/v2\/types\/product"}],"wp:featuredmedia":[{"embeddable":true,"href":"https:\/\/mellacaseta.cat\/es\/wp-json\/wp\/v2\/media\/3192"}],"wp:attachment":[{"href":"https:\/\/mellacaseta.cat\/es\/wp-json\/wp\/v2\/media?parent=3191"}],"wp:term":[{"taxonomy":"product_brand","embeddable":true,"href":"https:\/\/mellacaseta.cat\/es\/wp-json\/wp\/v2\/product_brand?post=3191"},{"taxonomy":"product_cat","embeddable":true,"href":"https:\/\/mellacaseta.cat\/es\/wp-json\/wp\/v2\/product_cat?post=3191"},{"taxonomy":"product_tag","embeddable":true,"href":"https:\/\/mellacaseta.cat\/es\/wp-json\/wp\/v2\/product_tag?post=3191"}],"curies":[{"name":"wp","href":"https:\/\/api.w.org\/{rel}","templated":true}]}}