{"id":3174,"date":"2024-10-14T12:01:14","date_gmt":"2024-10-14T10:01:14","guid":{"rendered":"https:\/\/mellacaseta.cat\/producte\/lote-2x125-gr\/"},"modified":"2025-05-14T09:30:03","modified_gmt":"2025-05-14T07:30:03","slug":"lote-2x125-gr","status":"publish","type":"product","link":"https:\/\/mellacaseta.cat\/es\/producte\/lote-2x125-gr\/","title":{"rendered":"Lote 2&#215;125 gr"},"content":{"rendered":"<p>Disfruta de la aut\u00e9ntica esencia de la miel con este lote que combina miel de romero y milflores.<\/p>\n<p> Perfecto para los amantes de los sabores naturales y puros.<\/p>\n","protected":false},"excerpt":{"rendered":"<h3><strong>\u00a1Descubre el dulce sabor de la naturaleza del Bergued\u00e0!<\/strong><\/h3>\n<p>Con nuestros lotes de miel artesana de proximidad, elaborados en la comarca del Bergued\u00e0, puedes regalar un aut\u00e9ntico pedazo de naturaleza. Cada lote es una maravilla del trabajo ap\u00edcola local, ideal para sorprender con un detalle original, delicado y lleno de sabor aut\u00e9ntico. <\/p>\n","protected":false},"featured_media":3177,"template":"","meta":[],"product_brand":[],"product_cat":[44],"product_tag":[],"class_list":{"0":"post-3174","1":"product","2":"type-product","3":"status-publish","4":"has-post-thumbnail","6":"product_cat-packs-regalo","8":"first","9":"instock","10":"taxable","11":"shipping-taxable","12":"purchasable","13":"product-type-simple"},"yoast_head":"<!-- This site is optimized with the Yoast SEO plugin v27.2 - https:\/\/yoast.com\/product\/yoast-seo-wordpress\/ -->\n<title>Lote 2 botes de miel 125g del Bergued\u00e0<\/title>\n<meta name=\"description\" content=\"Disfruta de miel natural con este lote de dos botes de 125g\" \/>\n<meta name=\"robots\" content=\"index, follow, max-snippet:-1, max-image-preview:large, max-video-preview:-1\" \/>\n<link rel=\"canonical\" href=\"https:\/\/mellacaseta.cat\/es\/producte\/lote-2x125-gr\/\" \/>\n<meta property=\"og:locale\" content=\"es_ES\" \/>\n<meta property=\"og:type\" content=\"article\" \/>\n<meta property=\"og:title\" content=\"Lote 2 botes de miel 125g del Bergued\u00e0\" \/>\n<meta property=\"og:description\" content=\"Disfruta de miel natural con este lote de dos botes de 125g\" \/>\n<meta property=\"og:url\" content=\"https:\/\/mellacaseta.cat\/es\/producte\/lote-2x125-gr\/\" \/>\n<meta property=\"og:site_name\" content=\"Mel La Caseta\" \/>\n<meta property=\"article:modified_time\" content=\"2025-05-14T07:30:03+00:00\" \/>\n<meta property=\"og:image\" content=\"https:\/\/mellacaseta.cat\/wp-content\/uploads\/2024\/11\/mel-la-caseta-044-e1736768391671.jpg\" \/>\n\t<meta property=\"og:image:width\" content=\"1663\" \/>\n\t<meta property=\"og:image:height\" content=\"1667\" \/>\n\t<meta property=\"og:image:type\" content=\"image\/jpeg\" \/>\n<meta name=\"twitter:card\" content=\"summary_large_image\" \/>\n<script type=\"application\/ld+json\" class=\"yoast-schema-graph\">{\"@context\":\"https:\/\/schema.org\",\"@graph\":[{\"@type\":\"WebPage\",\"@id\":\"https:\/\/mellacaseta.cat\/es\/producte\/lote-2x125-gr\/\",\"url\":\"https:\/\/mellacaseta.cat\/es\/producte\/lote-2x125-gr\/\",\"name\":\"Lote 2 botes de miel 125g del Bergued\u00e0\",\"isPartOf\":{\"@id\":\"https:\/\/mellacaseta.cat\/es\/#website\"},\"primaryImageOfPage\":{\"@id\":\"https:\/\/mellacaseta.cat\/es\/producte\/lote-2x125-gr\/#primaryimage\"},\"image\":{\"@id\":\"https:\/\/mellacaseta.cat\/es\/producte\/lote-2x125-gr\/#primaryimage\"},\"thumbnailUrl\":\"https:\/\/mellacaseta.cat\/wp-content\/uploads\/2024\/11\/mel-la-caseta-044-e1736768391671.jpg\",\"datePublished\":\"2024-10-14T10:01:14+00:00\",\"dateModified\":\"2025-05-14T07:30:03+00:00\",\"description\":\"Disfruta de miel natural con este lote de dos botes de 125g\",\"breadcrumb\":{\"@id\":\"https:\/\/mellacaseta.cat\/es\/producte\/lote-2x125-gr\/#breadcrumb\"},\"inLanguage\":\"es\",\"potentialAction\":[{\"@type\":\"ReadAction\",\"target\":[\"https:\/\/mellacaseta.cat\/es\/producte\/lote-2x125-gr\/\"]}]},{\"@type\":\"ImageObject\",\"inLanguage\":\"es\",\"@id\":\"https:\/\/mellacaseta.cat\/es\/producte\/lote-2x125-gr\/#primaryimage\",\"url\":\"https:\/\/mellacaseta.cat\/wp-content\/uploads\/2024\/11\/mel-la-caseta-044-e1736768391671.jpg\",\"contentUrl\":\"https:\/\/mellacaseta.cat\/wp-content\/uploads\/2024\/11\/mel-la-caseta-044-e1736768391671.jpg\",\"width\":1663,\"height\":1667,\"caption\":\"Mel La Caseta\"},{\"@type\":\"BreadcrumbList\",\"@id\":\"https:\/\/mellacaseta.cat\/es\/producte\/lote-2x125-gr\/#breadcrumb\",\"itemListElement\":[{\"@type\":\"ListItem\",\"position\":1,\"name\":\"Inici\",\"item\":\"https:\/\/mellacaseta.cat\/es\/inicio\/\"},{\"@type\":\"ListItem\",\"position\":2,\"name\":\"Productos\",\"item\":\"https:\/\/mellacaseta.cat\/es\/shop\/\"},{\"@type\":\"ListItem\",\"position\":3,\"name\":\"Lote 2&#215;125 gr\"}]},{\"@type\":\"WebSite\",\"@id\":\"https:\/\/mellacaseta.cat\/es\/#website\",\"url\":\"https:\/\/mellacaseta.cat\/es\/\",\"name\":\"Mel La Caseta\",\"description\":\"Mel 100% artesanal al cor del Bergued\u00e0\",\"potentialAction\":[{\"@type\":\"SearchAction\",\"target\":{\"@type\":\"EntryPoint\",\"urlTemplate\":\"https:\/\/mellacaseta.cat\/es\/?s={search_term_string}\"},\"query-input\":{\"@type\":\"PropertyValueSpecification\",\"valueRequired\":true,\"valueName\":\"search_term_string\"}}],\"inLanguage\":\"es\"}]}<\/script>\n<!-- \/ Yoast SEO plugin. -->","yoast_head_json":{"title":"Lote 2 botes de miel 125g del Bergued\u00e0","description":"Disfruta de miel natural con este lote de dos botes de 125g","robots":{"index":"index","follow":"follow","max-snippet":"max-snippet:-1","max-image-preview":"max-image-preview:large","max-video-preview":"max-video-preview:-1"},"canonical":"https:\/\/mellacaseta.cat\/es\/producte\/lote-2x125-gr\/","og_locale":"es_ES","og_type":"article","og_title":"Lote 2 botes de miel 125g del Bergued\u00e0","og_description":"Disfruta de miel natural con este lote de dos botes de 125g","og_url":"https:\/\/mellacaseta.cat\/es\/producte\/lote-2x125-gr\/","og_site_name":"Mel La Caseta","article_modified_time":"2025-05-14T07:30:03+00:00","og_image":[{"width":1663,"height":1667,"url":"https:\/\/mellacaseta.cat\/wp-content\/uploads\/2024\/11\/mel-la-caseta-044-e1736768391671.jpg","type":"image\/jpeg"}],"twitter_card":"summary_large_image","schema":{"@context":"https:\/\/schema.org","@graph":[{"@type":"WebPage","@id":"https:\/\/mellacaseta.cat\/es\/producte\/lote-2x125-gr\/","url":"https:\/\/mellacaseta.cat\/es\/producte\/lote-2x125-gr\/","name":"Lote 2 botes de miel 125g del Bergued\u00e0","isPartOf":{"@id":"https:\/\/mellacaseta.cat\/es\/#website"},"primaryImageOfPage":{"@id":"https:\/\/mellacaseta.cat\/es\/producte\/lote-2x125-gr\/#primaryimage"},"image":{"@id":"https:\/\/mellacaseta.cat\/es\/producte\/lote-2x125-gr\/#primaryimage"},"thumbnailUrl":"https:\/\/mellacaseta.cat\/wp-content\/uploads\/2024\/11\/mel-la-caseta-044-e1736768391671.jpg","datePublished":"2024-10-14T10:01:14+00:00","dateModified":"2025-05-14T07:30:03+00:00","description":"Disfruta de miel natural con este lote de dos botes de 125g","breadcrumb":{"@id":"https:\/\/mellacaseta.cat\/es\/producte\/lote-2x125-gr\/#breadcrumb"},"inLanguage":"es","potentialAction":[{"@type":"ReadAction","target":["https:\/\/mellacaseta.cat\/es\/producte\/lote-2x125-gr\/"]}]},{"@type":"ImageObject","inLanguage":"es","@id":"https:\/\/mellacaseta.cat\/es\/producte\/lote-2x125-gr\/#primaryimage","url":"https:\/\/mellacaseta.cat\/wp-content\/uploads\/2024\/11\/mel-la-caseta-044-e1736768391671.jpg","contentUrl":"https:\/\/mellacaseta.cat\/wp-content\/uploads\/2024\/11\/mel-la-caseta-044-e1736768391671.jpg","width":1663,"height":1667,"caption":"Mel La Caseta"},{"@type":"BreadcrumbList","@id":"https:\/\/mellacaseta.cat\/es\/producte\/lote-2x125-gr\/#breadcrumb","itemListElement":[{"@type":"ListItem","position":1,"name":"Inici","item":"https:\/\/mellacaseta.cat\/es\/inicio\/"},{"@type":"ListItem","position":2,"name":"Productos","item":"https:\/\/mellacaseta.cat\/es\/shop\/"},{"@type":"ListItem","position":3,"name":"Lote 2&#215;125 gr"}]},{"@type":"WebSite","@id":"https:\/\/mellacaseta.cat\/es\/#website","url":"https:\/\/mellacaseta.cat\/es\/","name":"Mel La Caseta","description":"Mel 100% artesanal al cor del Bergued\u00e0","potentialAction":[{"@type":"SearchAction","target":{"@type":"EntryPoint","urlTemplate":"https:\/\/mellacaseta.cat\/es\/?s={search_term_string}"},"query-input":{"@type":"PropertyValueSpecification","valueRequired":true,"valueName":"search_term_string"}}],"inLanguage":"es"}]}},"_links":{"self":[{"href":"https:\/\/mellacaseta.cat\/es\/wp-json\/wp\/v2\/product\/3174","targetHints":{"allow":["GET"]}}],"collection":[{"href":"https:\/\/mellacaseta.cat\/es\/wp-json\/wp\/v2\/product"}],"about":[{"href":"https:\/\/mellacaseta.cat\/es\/wp-json\/wp\/v2\/types\/product"}],"wp:featuredmedia":[{"embeddable":true,"href":"https:\/\/mellacaseta.cat\/es\/wp-json\/wp\/v2\/media\/3177"}],"wp:attachment":[{"href":"https:\/\/mellacaseta.cat\/es\/wp-json\/wp\/v2\/media?parent=3174"}],"wp:term":[{"taxonomy":"product_brand","embeddable":true,"href":"https:\/\/mellacaseta.cat\/es\/wp-json\/wp\/v2\/product_brand?post=3174"},{"taxonomy":"product_cat","embeddable":true,"href":"https:\/\/mellacaseta.cat\/es\/wp-json\/wp\/v2\/product_cat?post=3174"},{"taxonomy":"product_tag","embeddable":true,"href":"https:\/\/mellacaseta.cat\/es\/wp-json\/wp\/v2\/product_tag?post=3174"}],"curies":[{"name":"wp","href":"https:\/\/api.w.org\/{rel}","templated":true}]}}