{"id":3150,"date":"2024-10-14T12:09:26","date_gmt":"2024-10-14T10:09:26","guid":{"rendered":"https:\/\/mellacaseta.cat\/producte\/lote-2x500gr\/"},"modified":"2025-05-14T09:29:59","modified_gmt":"2025-05-14T07:29:59","slug":"lote-2x500gr","status":"publish","type":"product","link":"https:\/\/mellacaseta.cat\/es\/producte\/lote-2x500gr\/","title":{"rendered":"Lote 2x500gr"},"content":{"rendered":"<p>La combinaci\u00f3n perfecta para los verdaderos amantes de la miel. Con dos botes de 500gr de miel de romero y milflores, podr\u00e1s disfrutar del sabor puro y aut\u00e9ntico que s\u00f3lo la naturaleza puede ofrecer.<\/p>\n<p>Ideal para tener en casa y endulzar cualquier momento.<\/p>\n<p>&nbsp;<\/p>\n","protected":false},"excerpt":{"rendered":"<h3><strong>\u00a1Descubre el dulce sabor de la naturaleza del Bergued\u00e0!<\/strong><\/h3>\n<p>Disfruta de nuestra miel artesana, elaborada con dedicaci\u00f3n en la comarca del Bergued\u00e0. Cada lote es un aut\u00e9ntico tesoro natural, con el sabor m\u00e1s puro de nuestras tierras. Perfecto para regalar un detalle \u00fanico y lleno de sabor, ideal para cualquier momento especial.<\/p>\n","protected":false},"featured_media":2702,"template":"","meta":[],"product_brand":[],"product_cat":[44],"product_tag":[],"class_list":{"0":"post-3150","1":"product","2":"type-product","3":"status-publish","4":"has-post-thumbnail","6":"product_cat-packs-regalo","8":"first","9":"instock","10":"featured","11":"taxable","12":"shipping-taxable","13":"purchasable","14":"product-type-simple"},"yoast_head":"<!-- This site is optimized with the Yoast SEO plugin v27.2 - https:\/\/yoast.com\/product\/yoast-seo-wordpress\/ -->\n<title>Lote 2 botes de miel 500g del Bergued\u00e0<\/title>\n<meta name=\"description\" content=\"Miel de calidad del Bergued\u00e0 en lote de dos botes de 500 gramos. Ideal para compartir o regalar.\" \/>\n<meta name=\"robots\" content=\"index, follow, max-snippet:-1, max-image-preview:large, max-video-preview:-1\" \/>\n<link rel=\"canonical\" href=\"https:\/\/mellacaseta.cat\/es\/producte\/lote-2x500gr\/\" \/>\n<meta property=\"og:locale\" content=\"es_ES\" \/>\n<meta property=\"og:type\" content=\"article\" \/>\n<meta property=\"og:title\" content=\"Lote 2 botes de miel 500g del Bergued\u00e0\" \/>\n<meta property=\"og:description\" content=\"Miel de calidad del Bergued\u00e0 en lote de dos botes de 500 gramos. Ideal para compartir o regalar.\" \/>\n<meta property=\"og:url\" content=\"https:\/\/mellacaseta.cat\/es\/producte\/lote-2x500gr\/\" \/>\n<meta property=\"og:site_name\" content=\"Mel La Caseta\" \/>\n<meta property=\"article:modified_time\" content=\"2025-05-14T07:29:59+00:00\" \/>\n<meta property=\"og:image\" content=\"https:\/\/mellacaseta.cat\/wp-content\/uploads\/2024\/11\/mel-la-caseta-050-e1736766191766.jpg\" \/>\n\t<meta property=\"og:image:width\" content=\"2500\" \/>\n\t<meta property=\"og:image:height\" content=\"1667\" \/>\n\t<meta property=\"og:image:type\" content=\"image\/jpeg\" \/>\n<meta name=\"twitter:card\" content=\"summary_large_image\" \/>\n<script type=\"application\/ld+json\" class=\"yoast-schema-graph\">{\"@context\":\"https:\/\/schema.org\",\"@graph\":[{\"@type\":\"WebPage\",\"@id\":\"https:\/\/mellacaseta.cat\/es\/producte\/lote-2x500gr\/\",\"url\":\"https:\/\/mellacaseta.cat\/es\/producte\/lote-2x500gr\/\",\"name\":\"Lote 2 botes de miel 500g del Bergued\u00e0\",\"isPartOf\":{\"@id\":\"https:\/\/mellacaseta.cat\/es\/#website\"},\"primaryImageOfPage\":{\"@id\":\"https:\/\/mellacaseta.cat\/es\/producte\/lote-2x500gr\/#primaryimage\"},\"image\":{\"@id\":\"https:\/\/mellacaseta.cat\/es\/producte\/lote-2x500gr\/#primaryimage\"},\"thumbnailUrl\":\"https:\/\/mellacaseta.cat\/wp-content\/uploads\/2024\/11\/mel-la-caseta-050-e1736766191766.jpg\",\"datePublished\":\"2024-10-14T10:09:26+00:00\",\"dateModified\":\"2025-05-14T07:29:59+00:00\",\"description\":\"Miel de calidad del Bergued\u00e0 en lote de dos botes de 500 gramos. Ideal para compartir o regalar.\",\"breadcrumb\":{\"@id\":\"https:\/\/mellacaseta.cat\/es\/producte\/lote-2x500gr\/#breadcrumb\"},\"inLanguage\":\"es\",\"potentialAction\":[{\"@type\":\"ReadAction\",\"target\":[\"https:\/\/mellacaseta.cat\/es\/producte\/lote-2x500gr\/\"]}]},{\"@type\":\"ImageObject\",\"inLanguage\":\"es\",\"@id\":\"https:\/\/mellacaseta.cat\/es\/producte\/lote-2x500gr\/#primaryimage\",\"url\":\"https:\/\/mellacaseta.cat\/wp-content\/uploads\/2024\/11\/mel-la-caseta-050-e1736766191766.jpg\",\"contentUrl\":\"https:\/\/mellacaseta.cat\/wp-content\/uploads\/2024\/11\/mel-la-caseta-050-e1736766191766.jpg\",\"width\":2500,\"height\":1667,\"caption\":\"Lote 2x500gr\"},{\"@type\":\"BreadcrumbList\",\"@id\":\"https:\/\/mellacaseta.cat\/es\/producte\/lote-2x500gr\/#breadcrumb\",\"itemListElement\":[{\"@type\":\"ListItem\",\"position\":1,\"name\":\"Inici\",\"item\":\"https:\/\/mellacaseta.cat\/es\/inicio\/\"},{\"@type\":\"ListItem\",\"position\":2,\"name\":\"Productos\",\"item\":\"https:\/\/mellacaseta.cat\/es\/shop\/\"},{\"@type\":\"ListItem\",\"position\":3,\"name\":\"Lote 2x500gr\"}]},{\"@type\":\"WebSite\",\"@id\":\"https:\/\/mellacaseta.cat\/es\/#website\",\"url\":\"https:\/\/mellacaseta.cat\/es\/\",\"name\":\"Mel La Caseta\",\"description\":\"Mel 100% artesanal al cor del Bergued\u00e0\",\"potentialAction\":[{\"@type\":\"SearchAction\",\"target\":{\"@type\":\"EntryPoint\",\"urlTemplate\":\"https:\/\/mellacaseta.cat\/es\/?s={search_term_string}\"},\"query-input\":{\"@type\":\"PropertyValueSpecification\",\"valueRequired\":true,\"valueName\":\"search_term_string\"}}],\"inLanguage\":\"es\"}]}<\/script>\n<!-- \/ Yoast SEO plugin. -->","yoast_head_json":{"title":"Lote 2 botes de miel 500g del Bergued\u00e0","description":"Miel de calidad del Bergued\u00e0 en lote de dos botes de 500 gramos. Ideal para compartir o regalar.","robots":{"index":"index","follow":"follow","max-snippet":"max-snippet:-1","max-image-preview":"max-image-preview:large","max-video-preview":"max-video-preview:-1"},"canonical":"https:\/\/mellacaseta.cat\/es\/producte\/lote-2x500gr\/","og_locale":"es_ES","og_type":"article","og_title":"Lote 2 botes de miel 500g del Bergued\u00e0","og_description":"Miel de calidad del Bergued\u00e0 en lote de dos botes de 500 gramos. Ideal para compartir o regalar.","og_url":"https:\/\/mellacaseta.cat\/es\/producte\/lote-2x500gr\/","og_site_name":"Mel La Caseta","article_modified_time":"2025-05-14T07:29:59+00:00","og_image":[{"width":2500,"height":1667,"url":"https:\/\/mellacaseta.cat\/wp-content\/uploads\/2024\/11\/mel-la-caseta-050-e1736766191766.jpg","type":"image\/jpeg"}],"twitter_card":"summary_large_image","schema":{"@context":"https:\/\/schema.org","@graph":[{"@type":"WebPage","@id":"https:\/\/mellacaseta.cat\/es\/producte\/lote-2x500gr\/","url":"https:\/\/mellacaseta.cat\/es\/producte\/lote-2x500gr\/","name":"Lote 2 botes de miel 500g del Bergued\u00e0","isPartOf":{"@id":"https:\/\/mellacaseta.cat\/es\/#website"},"primaryImageOfPage":{"@id":"https:\/\/mellacaseta.cat\/es\/producte\/lote-2x500gr\/#primaryimage"},"image":{"@id":"https:\/\/mellacaseta.cat\/es\/producte\/lote-2x500gr\/#primaryimage"},"thumbnailUrl":"https:\/\/mellacaseta.cat\/wp-content\/uploads\/2024\/11\/mel-la-caseta-050-e1736766191766.jpg","datePublished":"2024-10-14T10:09:26+00:00","dateModified":"2025-05-14T07:29:59+00:00","description":"Miel de calidad del Bergued\u00e0 en lote de dos botes de 500 gramos. Ideal para compartir o regalar.","breadcrumb":{"@id":"https:\/\/mellacaseta.cat\/es\/producte\/lote-2x500gr\/#breadcrumb"},"inLanguage":"es","potentialAction":[{"@type":"ReadAction","target":["https:\/\/mellacaseta.cat\/es\/producte\/lote-2x500gr\/"]}]},{"@type":"ImageObject","inLanguage":"es","@id":"https:\/\/mellacaseta.cat\/es\/producte\/lote-2x500gr\/#primaryimage","url":"https:\/\/mellacaseta.cat\/wp-content\/uploads\/2024\/11\/mel-la-caseta-050-e1736766191766.jpg","contentUrl":"https:\/\/mellacaseta.cat\/wp-content\/uploads\/2024\/11\/mel-la-caseta-050-e1736766191766.jpg","width":2500,"height":1667,"caption":"Lote 2x500gr"},{"@type":"BreadcrumbList","@id":"https:\/\/mellacaseta.cat\/es\/producte\/lote-2x500gr\/#breadcrumb","itemListElement":[{"@type":"ListItem","position":1,"name":"Inici","item":"https:\/\/mellacaseta.cat\/es\/inicio\/"},{"@type":"ListItem","position":2,"name":"Productos","item":"https:\/\/mellacaseta.cat\/es\/shop\/"},{"@type":"ListItem","position":3,"name":"Lote 2x500gr"}]},{"@type":"WebSite","@id":"https:\/\/mellacaseta.cat\/es\/#website","url":"https:\/\/mellacaseta.cat\/es\/","name":"Mel La Caseta","description":"Mel 100% artesanal al cor del Bergued\u00e0","potentialAction":[{"@type":"SearchAction","target":{"@type":"EntryPoint","urlTemplate":"https:\/\/mellacaseta.cat\/es\/?s={search_term_string}"},"query-input":{"@type":"PropertyValueSpecification","valueRequired":true,"valueName":"search_term_string"}}],"inLanguage":"es"}]}},"_links":{"self":[{"href":"https:\/\/mellacaseta.cat\/es\/wp-json\/wp\/v2\/product\/3150","targetHints":{"allow":["GET"]}}],"collection":[{"href":"https:\/\/mellacaseta.cat\/es\/wp-json\/wp\/v2\/product"}],"about":[{"href":"https:\/\/mellacaseta.cat\/es\/wp-json\/wp\/v2\/types\/product"}],"wp:featuredmedia":[{"embeddable":true,"href":"https:\/\/mellacaseta.cat\/es\/wp-json\/wp\/v2\/media\/2702"}],"wp:attachment":[{"href":"https:\/\/mellacaseta.cat\/es\/wp-json\/wp\/v2\/media?parent=3150"}],"wp:term":[{"taxonomy":"product_brand","embeddable":true,"href":"https:\/\/mellacaseta.cat\/es\/wp-json\/wp\/v2\/product_brand?post=3150"},{"taxonomy":"product_cat","embeddable":true,"href":"https:\/\/mellacaseta.cat\/es\/wp-json\/wp\/v2\/product_cat?post=3150"},{"taxonomy":"product_tag","embeddable":true,"href":"https:\/\/mellacaseta.cat\/es\/wp-json\/wp\/v2\/product_tag?post=3150"}],"curies":[{"name":"wp","href":"https:\/\/api.w.org\/{rel}","templated":true}]}}