{"id":3421,"date":"2025-05-21T11:25:58","date_gmt":"2025-05-21T09:25:58","guid":{"rendered":"https:\/\/mellacaseta.cat\/?page_id=3421"},"modified":"2025-05-21T11:25:58","modified_gmt":"2025-05-21T09:25:58","slug":"blog","status":"publish","type":"page","link":"https:\/\/mellacaseta.cat\/es\/blog\/","title":{"rendered":"Blog"},"content":{"rendered":"\n<style type=\"text\/css\" data-created_by=\"avia_inline_auto\" id=\"style-css-av-2qf0tv-d35d5ad7b07e1c490b954070a6e61027\">\n.avia-section.av-2qf0tv-d35d5ad7b07e1c490b954070a6e61027{\nbackground-repeat:no-repeat;\nbackground-image:url(https:\/\/mellacaseta.cat\/wp-content\/uploads\/2024\/10\/mel-la-caseta-025-scaled.jpg);\nbackground-position:50% 50%;\nbackground-attachment:scroll;\n}\n.avia-section.av-2qf0tv-d35d5ad7b07e1c490b954070a6e61027 .av-section-color-overlay{\nopacity:0.5;\nbackground-color:#0a0a0a;\n}\n<\/style>\n<div id='av_section_1'  class='avia-section av-2qf0tv-d35d5ad7b07e1c490b954070a6e61027 alternate_color avia-section-default avia-no-border-styling  avia-builder-el-0  el_before_av_one_fifth  avia-builder-el-first  breadcrumb-slider avia-full-stretch avia-bg-style-scroll av-section-color-overlay-active av-minimum-height av-minimum-height-50 av-height-50  container_wrap fullsize'  data-section-bg-repeat='stretch' data-av_minimum_height_pc='50' data-av_min_height_opt='50'><div class=\"av-section-color-overlay-wrap\"><div class=\"av-section-color-overlay\"><\/div><div class='container av-section-cont-open' ><main  role=\"main\" itemprop=\"mainContentOfPage\"  class='template-page content  av-content-full alpha units'><div class='post-entry post-entry-type-page post-entry-3421'><div class='entry-content-wrapper clearfix'>\n<section  class='av_textblock_section av-maqpfb00-d5a762c42c36420fb2c8f246032c69a4 '   itemscope=\"itemscope\" itemtype=\"https:\/\/schema.org\/CreativeWork\" ><div class='avia_textblock'  itemprop=\"text\" ><p class=\"bread-propi\" style=\"text-align: center;\">Blog<\/p>\n<p class=\"bread-propi\" style=\"text-align: center;\"><div class=\"breadcrumb breadcrumbs avia-breadcrumbs\"><div class=\"breadcrumb-trail\" ><span class=\"trail-before\"><span class=\"breadcrumb-title\">Usted est\u00e1 aqu\u00ed:<\/span><\/span> <span  itemscope=\"itemscope\" itemtype=\"https:\/\/schema.org\/BreadcrumbList\" ><span  itemscope=\"itemscope\" itemtype=\"https:\/\/schema.org\/ListItem\" itemprop=\"itemListElement\" ><a itemprop=\"url\" href=\"https:\/\/mellacaseta.cat\/es\/\" title=\"Mel La Caseta\" rel=\"home\" class=\"trail-begin\"><span itemprop=\"name\">Inicio<\/span><\/a><span itemprop=\"position\" class=\"hidden\">1<\/span><\/span><\/span><\/div><\/div><\/p>\n<\/div><\/section>\n<\/div><\/div><\/main><!-- close content main element --><\/div><\/div><\/div><div id='after_section_1'  class='main_color av_default_container_wrap container_wrap fullsize'  ><div class='container av-section-cont-open' ><div class='template-page content  av-content-full alpha units'><div class='post-entry post-entry-type-page post-entry-3421'><div class='entry-content-wrapper clearfix'>\n<div  class='flex_column av-5oar1v-a7bf3a71db4910e7ad97a7ce4db311a6 av_one_fifth  avia-builder-el-2  el_after_av_section  el_before_av_three_fifth  avia-builder-el-first  first flex_column_div  '     ><\/div>\n<div  class='flex_column av-4643ab-af66784e6f8f40ad445eca4e8d72559d av_three_fifth  avia-builder-el-3  el_after_av_one_fifth  el_before_av_one_fifth  flex_column_div  '     ><p>\n<style type=\"text\/css\" data-created_by=\"avia_inline_auto\" id=\"style-css-av-maw6kmgo-f4ffb902c251f999848c0e96e5493b17\">\n#top .av-special-heading.av-maw6kmgo-f4ffb902c251f999848c0e96e5493b17{\npadding-bottom:10px;\n}\nbody .av-special-heading.av-maw6kmgo-f4ffb902c251f999848c0e96e5493b17 .av-special-heading-tag .heading-char{\nfont-size:25px;\n}\n.av-special-heading.av-maw6kmgo-f4ffb902c251f999848c0e96e5493b17 .av-subheading{\nfont-size:15px;\n}\n<\/style>\n<div  class='av-special-heading av-maw6kmgo-f4ffb902c251f999848c0e96e5493b17 av-special-heading-h1 blockquote modern-quote modern-centered  avia-builder-el-4  el_before_av_textblock  avia-builder-el-first '><h1 class='av-special-heading-tag '  itemprop=\"headline\"  >Descubre el mundo de la miel, las abejas y la apicultura<\/h1><div class=\"special-heading-border\"><div class=\"special-heading-inner-border\"><\/div><\/div><\/div><br \/>\n<section  class='av_textblock_section av-maw6kzfi-1ec4f8196e7c7dd8aa6acdaa8c7866bc '   itemscope=\"itemscope\" itemtype=\"https:\/\/schema.org\/CreativeWork\" ><div class='avia_textblock'  itemprop=\"text\" ><p style=\"text-align: center;\"><span style=\"vertical-align: inherit;\"><span style=\"vertical-align: inherit;\">Bienvenido al blog de <\/span><\/span><strong><span style=\"vertical-align: inherit;\"><span style=\"vertical-align: inherit;\">Miel <\/span><\/span><\/strong> <strong><span style=\"vertical-align: inherit;\"><span style=\"vertical-align: inherit;\">La Caseta<\/span><\/span><\/strong><span style=\"vertical-align: inherit;\"><span style=\"vertical-align: inherit;\"> , un espacio donde compartimos conocimiento, curiosidades y consejos sobre el mundo de las abejas, la producci\u00f3n de miel artesanal y la vida en nuestro centro ap\u00edcola del Bergued\u00e0. Aqu\u00ed encontrar\u00e1s curiosidades, recetas con miel, ideas para cuidar el medio ambiente, y todo lo que necesitas saber para valorar a\u00fan m\u00e1s ese regalo de la naturaleza.<\/span><\/span><\/p>\n<\/div><\/section><\/p><\/div><div  class='flex_column av-25e7gj-802d626c44e669802df25d9c6e4fe00f av_one_fifth  avia-builder-el-6  el_after_av_three_fifth  el_before_av_one_full  flex_column_div  '     ><\/div><\/p>\n<div  class='flex_column av-25ia2b-41e320732dac058e597ad336f41a80c9 av_one_full  avia-builder-el-7  el_after_av_one_fifth  avia-builder-el-last  first flex_column_div  column-top-margin'     ><div id='av-masonry-1' class='av-masonry av-maqpnmtx-0b76cf777b3aadb49d528223a6fb17c5 noHover av-fixed-size av-large-gap av-hover-overlay-active av-masonry-animation-active av-masonry-col-3 av-caption-always av-caption-style-overlay av-masonry-entries ' data-post_id=\"3421\"><div class=\"av-masonry-container isotope av-js-disabled\"><div class='av-masonry-entry isotope-item av-masonry-item-no-image all_sort sin-categorizar_sort '><\/div><a href=\"https:\/\/mellacaseta.cat\/es\/que-miel-elegir-diferencias-entre-las-variedades-y-sus-usos\/\"  id='av-masonry-1-item-3401' data-av-masonry-item='3401' class='av-masonry-entry isotope-item post-3401 post type-post status-publish format-standard has-post-thumbnail hentry category-sin-categorizar all_sort sin-categorizar_sort  av-masonry-item-with-image av-grid-img' title=\"mel-la-caseta-084\"   itemscope=\"itemscope\" itemtype=\"https:\/\/schema.org\/CreativeWork\" ><div class='av-inner-masonry-sizer'><\/div><figure class='av-inner-masonry main_color'><div class=\"av-masonry-outerimage-container\"><div class='av-masonry-image-container' style=\"background-image: url(https:\/\/mellacaseta.cat\/wp-content\/uploads\/2024\/10\/mel-la-caseta-084-scaled-705x471.jpg);\"  title=\"mel-la-caseta-084\" ><\/div><\/div><figcaption class='av-inner-masonry-content site-background'><div class='av-inner-masonry-content-pos'><div class='av-inner-masonry-content-pos-content'><div class='avia-arrow'><\/div><h3 class='av-masonry-entry-title entry-title '  itemprop=\"headline\" >\u00bfQu\u00e9 miel elegir? Diferencias entre las variedades y sus usos<\/h3><span class='av-masonry-date meta-color updated'>15 de marzo de 2026<\/span><span class=\"av-masonry-text-sep text-sep-author\">\/<\/span><span class='av-masonry-author meta-color author'><span class='fn'>por Ergates Tecnologia SL<\/span><\/span><\/div><\/div><\/figcaption><\/figure><\/a><!--end av-masonry entry--><a href=\"https:\/\/mellacaseta.cat\/es\/el-papel-del-apicultor-mucho-mas-que-recoger-miel\/\"  id='av-masonry-1-item-3392' data-av-masonry-item='3392' class='av-masonry-entry isotope-item post-3392 post type-post status-publish format-standard has-post-thumbnail hentry category-sin-categorizar all_sort sin-categorizar_sort  av-masonry-item-with-image av-grid-img' title=\"mel-la-caseta-097-scaled\"   itemscope=\"itemscope\" itemtype=\"https:\/\/schema.org\/CreativeWork\" ><div class='av-inner-masonry-sizer'><\/div><figure class='av-inner-masonry main_color'><div class=\"av-masonry-outerimage-container\"><div class='av-masonry-image-container' style=\"background-image: url(https:\/\/mellacaseta.cat\/wp-content\/uploads\/2025\/05\/mel-la-caseta-097-scaled-1-705x471.webp);\"  title=\"mel-la-caseta-097-scaled\" ><\/div><\/div><figcaption class='av-inner-masonry-content site-background'><div class='av-inner-masonry-content-pos'><div class='av-inner-masonry-content-pos-content'><div class='avia-arrow'><\/div><h3 class='av-masonry-entry-title entry-title '  itemprop=\"headline\" >El papel del apicultor: mucho m\u00e1s que recoger miel<\/h3><span class='av-masonry-date meta-color updated'>15 de febrero de 2026<\/span><span class=\"av-masonry-text-sep text-sep-author\">\/<\/span><span class='av-masonry-author meta-color author'><span class='fn'>por Ergates Tecnologia SL<\/span><\/span><\/div><\/div><\/figcaption><\/figure><\/a><!--end av-masonry entry--><a href=\"https:\/\/mellacaseta.cat\/es\/de-la-flor-al-bote-historia-de-una-cucharada-de-miel\/\"  id='av-masonry-1-item-3385' data-av-masonry-item='3385' class='av-masonry-entry isotope-item post-3385 post type-post status-publish format-standard has-post-thumbnail hentry category-sin-categorizar all_sort sin-categorizar_sort  av-masonry-item-with-image av-grid-img' title=\"Mel La Caseta\"   itemscope=\"itemscope\" itemtype=\"https:\/\/schema.org\/CreativeWork\" ><div class='av-inner-masonry-sizer'><\/div><figure class='av-inner-masonry main_color'><div class=\"av-masonry-outerimage-container\"><div class='av-masonry-image-container' style=\"background-image: url(https:\/\/mellacaseta.cat\/wp-content\/uploads\/2024\/11\/mel-la-caseta-060-705x470.jpg);\"  title=\"Mel La Caseta\" ><\/div><\/div><figcaption class='av-inner-masonry-content site-background'><div class='av-inner-masonry-content-pos'><div class='av-inner-masonry-content-pos-content'><div class='avia-arrow'><\/div><h3 class='av-masonry-entry-title entry-title '  itemprop=\"headline\" >De la flor al bote: historia de una cucharada de miel<\/h3><span class='av-masonry-date meta-color updated'>15 de enero de 2026<\/span><span class=\"av-masonry-text-sep text-sep-author\">\/<\/span><span class='av-masonry-author meta-color author'><span class='fn'>por Ergates Tecnologia SL<\/span><\/span><\/div><\/div><\/figcaption><\/figure><\/a><!--end av-masonry entry--><a href=\"https:\/\/mellacaseta.cat\/es\/5-motivos-para-consumir-productos-apicolas-de-proximidad\/\"  id='av-masonry-1-item-3370' data-av-masonry-item='3370' class='av-masonry-entry isotope-item post-3370 post type-post status-publish format-standard has-post-thumbnail hentry category-sin-categorizar all_sort sin-categorizar_sort  av-masonry-item-with-image av-grid-img' title=\"Mel La Caseta\"   itemscope=\"itemscope\" itemtype=\"https:\/\/schema.org\/CreativeWork\" ><div class='av-inner-masonry-sizer'><\/div><figure class='av-inner-masonry main_color'><div class=\"av-masonry-outerimage-container\"><div class='av-masonry-image-container' style=\"background-image: url(https:\/\/mellacaseta.cat\/wp-content\/uploads\/2024\/11\/mel-la-caseta-071-705x470.jpg);\"  title=\"Mel La Caseta\" ><\/div><\/div><figcaption class='av-inner-masonry-content site-background'><div class='av-inner-masonry-content-pos'><div class='av-inner-masonry-content-pos-content'><div class='avia-arrow'><\/div><h3 class='av-masonry-entry-title entry-title '  itemprop=\"headline\" >5 motivos para consumir productos ap\u00edcolas de proximidad<\/h3><span class='av-masonry-date meta-color updated'>15 de noviembre de 2025<\/span><span class=\"av-masonry-text-sep text-sep-author\">\/<\/span><span class='av-masonry-author meta-color author'><span class='fn'>por Ergates Tecnologia SL<\/span><\/span><\/div><\/div><\/figcaption><\/figure><\/a><!--end av-masonry entry--><a href=\"https:\/\/mellacaseta.cat\/es\/como-saber-si-una-miel-es-realmente-artesanal-guia-para-no-dejarte-enganar\/\"  id='av-masonry-1-item-3363' data-av-masonry-item='3363' class='av-masonry-entry isotope-item post-3363 post type-post status-publish format-standard has-post-thumbnail hentry category-sin-categorizar all_sort sin-categorizar_sort  av-masonry-item-with-image av-grid-img' title=\"Mel La Caseta\"   itemscope=\"itemscope\" itemtype=\"https:\/\/schema.org\/CreativeWork\" ><div class='av-inner-masonry-sizer'><\/div><figure class='av-inner-masonry main_color'><div class=\"av-masonry-outerimage-container\"><div class='av-masonry-image-container' style=\"background-image: url(https:\/\/mellacaseta.cat\/wp-content\/uploads\/2024\/10\/mel-la-caseta-140-scaled-471x705.jpg);\"  title=\"Mel La Caseta\" ><\/div><\/div><figcaption class='av-inner-masonry-content site-background'><div class='av-inner-masonry-content-pos'><div class='av-inner-masonry-content-pos-content'><div class='avia-arrow'><\/div><h3 class='av-masonry-entry-title entry-title '  itemprop=\"headline\" >\u00bfC\u00f3mo saber si una miel es realmente artesanal? Gu\u00eda para no dejarte enga\u00f1ar<\/h3><span class='av-masonry-date meta-color updated'>15 de octubre de 2025<\/span><span class=\"av-masonry-text-sep text-sep-author\">\/<\/span><span class='av-masonry-author meta-color author'><span class='fn'>por Ergates Tecnologia SL<\/span><\/span><\/div><\/div><\/figcaption><\/figure><\/a><!--end av-masonry entry--><a href=\"https:\/\/mellacaseta.cat\/es\/beneficios-de-la-miel-artesanal-para-tu-salud\/\"  id='av-masonry-1-item-3354' data-av-masonry-item='3354' class='av-masonry-entry isotope-item post-3354 post type-post status-publish format-standard has-post-thumbnail hentry category-sin-categorizar all_sort sin-categorizar_sort  av-masonry-item-with-image av-grid-img' title=\"mel-la-caseta-146\"   itemscope=\"itemscope\" itemtype=\"https:\/\/schema.org\/CreativeWork\" ><div class='av-inner-masonry-sizer'><\/div><figure class='av-inner-masonry main_color'><div class=\"av-masonry-outerimage-container\"><div class='av-masonry-image-container' style=\"background-image: url(https:\/\/mellacaseta.cat\/wp-content\/uploads\/2024\/12\/mel-la-caseta-146-705x705.jpg);\"  title=\"mel-la-caseta-146\" ><\/div><\/div><figcaption class='av-inner-masonry-content site-background'><div class='av-inner-masonry-content-pos'><div class='av-inner-masonry-content-pos-content'><div class='avia-arrow'><\/div><h3 class='av-masonry-entry-title entry-title '  itemprop=\"headline\" >Beneficios de la miel artesanal para tu salud<\/h3><span class='av-masonry-date meta-color updated'>15 de septiembre de 2025<\/span><span class=\"av-masonry-text-sep text-sep-author\">\/<\/span><span class='av-masonry-author meta-color author'><span class='fn'>por Ergates Tecnologia SL<\/span><\/span><\/div><\/div><\/figcaption><\/figure><\/a><!--end av-masonry entry--><a href=\"https:\/\/mellacaseta.cat\/es\/recetas-tradicionales-con-miel-para-endulzar-tus-platos\/\"  id='av-masonry-1-item-3405' data-av-masonry-item='3405' class='av-masonry-entry isotope-item post-3405 post type-post status-publish format-standard has-post-thumbnail hentry category-sin-categorizar all_sort sin-categorizar_sort  av-masonry-item-with-image av-grid-img' title=\"mel-la-caseta-119-scaled-1030&#215;796\"   itemscope=\"itemscope\" itemtype=\"https:\/\/schema.org\/CreativeWork\" ><div class='av-inner-masonry-sizer'><\/div><figure class='av-inner-masonry main_color'><div class=\"av-masonry-outerimage-container\"><div class='av-masonry-image-container' style=\"background-image: url(https:\/\/mellacaseta.cat\/wp-content\/uploads\/2025\/05\/mel-la-caseta-119-scaled-1030x796-1-705x545.webp);\"  title=\"mel-la-caseta-119-scaled-1030&#215;796\" ><\/div><\/div><figcaption class='av-inner-masonry-content site-background'><div class='av-inner-masonry-content-pos'><div class='av-inner-masonry-content-pos-content'><div class='avia-arrow'><\/div><h3 class='av-masonry-entry-title entry-title '  itemprop=\"headline\" >Recetas tradicionales con miel para endulzar tus platos<\/h3><span class='av-masonry-date meta-color updated'>15 de agosto de 2025<\/span><span class=\"av-masonry-text-sep text-sep-author\">\/<\/span><span class='av-masonry-author meta-color author'><span class='fn'>por Ergates Tecnologia SL<\/span><\/span><\/div><\/div><\/figcaption><\/figure><\/a><!--end av-masonry entry--><a href=\"https:\/\/mellacaseta.cat\/es\/como-se-produce-la-miel-artesanal-paso-a-paso\/\"  id='av-masonry-1-item-3415' data-av-masonry-item='3415' class='av-masonry-entry isotope-item post-3415 post type-post status-publish format-standard has-post-thumbnail hentry category-sin-categorizar all_sort sin-categorizar_sort  av-masonry-item-with-image av-grid-img' title=\"mel-la-caseta-003-scaled-1030&#215;688\"   itemscope=\"itemscope\" itemtype=\"https:\/\/schema.org\/CreativeWork\" ><div class='av-inner-masonry-sizer'><\/div><figure class='av-inner-masonry main_color'><div class=\"av-masonry-outerimage-container\"><div class='av-masonry-image-container' style=\"background-image: url(https:\/\/mellacaseta.cat\/wp-content\/uploads\/2025\/05\/mel-la-caseta-003-scaled-1030x688-1-705x471.webp);\"  title=\"mel-la-caseta-003-scaled-1030&#215;688\" ><\/div><\/div><figcaption class='av-inner-masonry-content site-background'><div class='av-inner-masonry-content-pos'><div class='av-inner-masonry-content-pos-content'><div class='avia-arrow'><\/div><h3 class='av-masonry-entry-title entry-title '  itemprop=\"headline\" >C\u00f3mo se produce la miel artesanal paso a paso<\/h3><span class='av-masonry-date meta-color updated'>15 de julio de 2025<\/span><span class=\"av-masonry-text-sep text-sep-author\">\/<\/span><span class='av-masonry-author meta-color author'><span class='fn'>por Ergates Tecnologia SL<\/span><\/span><\/div><\/div><\/figcaption><\/figure><\/a><!--end av-masonry entry--><a href=\"https:\/\/mellacaseta.cat\/es\/la-importancia-de-las-abejas-en-el-ecosistema-y-como-las-protegemos\/\"  id='av-masonry-1-item-3410' data-av-masonry-item='3410' class='av-masonry-entry isotope-item post-3410 post type-post status-publish format-standard has-post-thumbnail hentry category-sin-categorizar all_sort sin-categorizar_sort  av-masonry-item-with-image av-grid-img' title=\"mel-la-caseta-038-scaled-1030&#215;688\"   itemscope=\"itemscope\" itemtype=\"https:\/\/schema.org\/CreativeWork\" ><div class='av-inner-masonry-sizer'><\/div><figure class='av-inner-masonry main_color'><div class=\"av-masonry-outerimage-container\"><div class='av-masonry-image-container' style=\"background-image: url(https:\/\/mellacaseta.cat\/wp-content\/uploads\/2025\/05\/mel-la-caseta-038-scaled-1030x688-1-705x471.webp);\"  title=\"mel-la-caseta-038-scaled-1030&#215;688\" ><\/div><\/div><figcaption class='av-inner-masonry-content site-background'><div class='av-inner-masonry-content-pos'><div class='av-inner-masonry-content-pos-content'><div class='avia-arrow'><\/div><h3 class='av-masonry-entry-title entry-title '  itemprop=\"headline\" >La importancia de las abejas en el ecosistema y c\u00f3mo las protegemos<\/h3><span class='av-masonry-date meta-color updated'>15 de junio de 2025<\/span><span class=\"av-masonry-text-sep text-sep-author\">\/<\/span><span class='av-masonry-author meta-color author'><span class='fn'>por Ergates Tecnologia SL<\/span><\/span><\/div><\/div><\/figcaption><\/figure><\/a><!--end av-masonry entry--><a href=\"https:\/\/mellacaseta.cat\/es\/descubre-el-mundo-de-las-abejas-visita-un-centro-apicola-en-familia\/\"  id='av-masonry-1-item-3348' data-av-masonry-item='3348' class='av-masonry-entry isotope-item post-3348 post type-post status-publish format-standard has-post-thumbnail hentry category-sin-categorizar all_sort sin-categorizar_sort  av-masonry-item-with-image av-grid-img' title=\"mel-la-caseta-075\"   itemscope=\"itemscope\" itemtype=\"https:\/\/schema.org\/CreativeWork\" ><div class='av-inner-masonry-sizer'><\/div><figure class='av-inner-masonry main_color'><div class=\"av-masonry-outerimage-container\"><div class='av-masonry-image-container' style=\"background-image: url(https:\/\/mellacaseta.cat\/wp-content\/uploads\/2024\/10\/mel-la-caseta-075-scaled-705x471.jpg);\"  title=\"mel-la-caseta-075\" ><\/div><\/div><figcaption class='av-inner-masonry-content site-background'><div class='av-inner-masonry-content-pos'><div class='av-inner-masonry-content-pos-content'><div class='avia-arrow'><\/div><h3 class='av-masonry-entry-title entry-title '  itemprop=\"headline\" >Descubre el mundo de las abejas: visita un centro ap\u00edcola en familia<\/h3><span class='av-masonry-date meta-color updated'>21 de mayo de 2025<\/span><span class=\"av-masonry-text-sep text-sep-author\">\/<\/span><span class='av-masonry-author meta-color author'><span class='fn'>por Ergates Tecnologia SL<\/span><\/span><\/div><\/div><\/figcaption><\/figure><\/a><!--end av-masonry entry--><\/div><\/div><\/div>\n","protected":false},"excerpt":{"rendered":"","protected":false},"author":3,"featured_media":0,"parent":0,"menu_order":0,"comment_status":"closed","ping_status":"closed","template":"","meta":{"footnotes":""},"class_list":["post-3421","page","type-page","status-publish","hentry"],"yoast_head":"<!-- This site is optimized with the Yoast SEO plugin v27.2 - https:\/\/yoast.com\/product\/yoast-seo-wordpress\/ -->\n<title>Blog - Mel La Caseta<\/title>\n<meta name=\"robots\" content=\"index, follow, max-snippet:-1, max-image-preview:large, max-video-preview:-1\" \/>\n<link rel=\"canonical\" href=\"https:\/\/mellacaseta.cat\/es\/blog\/\" \/>\n<meta property=\"og:locale\" content=\"es_ES\" \/>\n<meta property=\"og:type\" content=\"article\" \/>\n<meta property=\"og:title\" content=\"Blog - Mel La Caseta\" \/>\n<meta property=\"og:url\" content=\"https:\/\/mellacaseta.cat\/es\/blog\/\" \/>\n<meta property=\"og:site_name\" content=\"Mel La Caseta\" \/>\n<meta name=\"twitter:card\" content=\"summary_large_image\" \/>\n<meta name=\"twitter:label1\" content=\"Tiempo de lectura\" \/>\n\t<meta name=\"twitter:data1\" content=\"1 minuto\" \/>\n<script type=\"application\/ld+json\" class=\"yoast-schema-graph\">{\"@context\":\"https:\/\/schema.org\",\"@graph\":[{\"@type\":\"WebPage\",\"@id\":\"https:\/\/mellacaseta.cat\/es\/blog\/\",\"url\":\"https:\/\/mellacaseta.cat\/es\/blog\/\",\"name\":\"Blog - Mel La Caseta\",\"isPartOf\":{\"@id\":\"https:\/\/mellacaseta.cat\/es\/#website\"},\"datePublished\":\"2025-05-21T09:25:58+00:00\",\"breadcrumb\":{\"@id\":\"https:\/\/mellacaseta.cat\/es\/blog\/#breadcrumb\"},\"inLanguage\":\"es\",\"potentialAction\":[{\"@type\":\"ReadAction\",\"target\":[\"https:\/\/mellacaseta.cat\/es\/blog\/\"]}]},{\"@type\":\"BreadcrumbList\",\"@id\":\"https:\/\/mellacaseta.cat\/es\/blog\/#breadcrumb\",\"itemListElement\":[{\"@type\":\"ListItem\",\"position\":1,\"name\":\"Inici\",\"item\":\"https:\/\/mellacaseta.cat\/es\/inicio\/\"},{\"@type\":\"ListItem\",\"position\":2,\"name\":\"Blog\"}]},{\"@type\":\"WebSite\",\"@id\":\"https:\/\/mellacaseta.cat\/es\/#website\",\"url\":\"https:\/\/mellacaseta.cat\/es\/\",\"name\":\"Mel La Caseta\",\"description\":\"Mel 100% artesanal al cor del Bergued\u00e0\",\"potentialAction\":[{\"@type\":\"SearchAction\",\"target\":{\"@type\":\"EntryPoint\",\"urlTemplate\":\"https:\/\/mellacaseta.cat\/es\/?s={search_term_string}\"},\"query-input\":{\"@type\":\"PropertyValueSpecification\",\"valueRequired\":true,\"valueName\":\"search_term_string\"}}],\"inLanguage\":\"es\"}]}<\/script>\n<!-- \/ Yoast SEO plugin. -->","yoast_head_json":{"title":"Blog - Mel La Caseta","robots":{"index":"index","follow":"follow","max-snippet":"max-snippet:-1","max-image-preview":"max-image-preview:large","max-video-preview":"max-video-preview:-1"},"canonical":"https:\/\/mellacaseta.cat\/es\/blog\/","og_locale":"es_ES","og_type":"article","og_title":"Blog - Mel La Caseta","og_url":"https:\/\/mellacaseta.cat\/es\/blog\/","og_site_name":"Mel La Caseta","twitter_card":"summary_large_image","twitter_misc":{"Tiempo de lectura":"1 minuto"},"schema":{"@context":"https:\/\/schema.org","@graph":[{"@type":"WebPage","@id":"https:\/\/mellacaseta.cat\/es\/blog\/","url":"https:\/\/mellacaseta.cat\/es\/blog\/","name":"Blog - Mel La Caseta","isPartOf":{"@id":"https:\/\/mellacaseta.cat\/es\/#website"},"datePublished":"2025-05-21T09:25:58+00:00","breadcrumb":{"@id":"https:\/\/mellacaseta.cat\/es\/blog\/#breadcrumb"},"inLanguage":"es","potentialAction":[{"@type":"ReadAction","target":["https:\/\/mellacaseta.cat\/es\/blog\/"]}]},{"@type":"BreadcrumbList","@id":"https:\/\/mellacaseta.cat\/es\/blog\/#breadcrumb","itemListElement":[{"@type":"ListItem","position":1,"name":"Inici","item":"https:\/\/mellacaseta.cat\/es\/inicio\/"},{"@type":"ListItem","position":2,"name":"Blog"}]},{"@type":"WebSite","@id":"https:\/\/mellacaseta.cat\/es\/#website","url":"https:\/\/mellacaseta.cat\/es\/","name":"Mel La Caseta","description":"Mel 100% artesanal al cor del Bergued\u00e0","potentialAction":[{"@type":"SearchAction","target":{"@type":"EntryPoint","urlTemplate":"https:\/\/mellacaseta.cat\/es\/?s={search_term_string}"},"query-input":{"@type":"PropertyValueSpecification","valueRequired":true,"valueName":"search_term_string"}}],"inLanguage":"es"}]}},"_links":{"self":[{"href":"https:\/\/mellacaseta.cat\/es\/wp-json\/wp\/v2\/pages\/3421","targetHints":{"allow":["GET"]}}],"collection":[{"href":"https:\/\/mellacaseta.cat\/es\/wp-json\/wp\/v2\/pages"}],"about":[{"href":"https:\/\/mellacaseta.cat\/es\/wp-json\/wp\/v2\/types\/page"}],"author":[{"embeddable":true,"href":"https:\/\/mellacaseta.cat\/es\/wp-json\/wp\/v2\/users\/3"}],"replies":[{"embeddable":true,"href":"https:\/\/mellacaseta.cat\/es\/wp-json\/wp\/v2\/comments?post=3421"}],"version-history":[{"count":2,"href":"https:\/\/mellacaseta.cat\/es\/wp-json\/wp\/v2\/pages\/3421\/revisions"}],"predecessor-version":[{"id":3425,"href":"https:\/\/mellacaseta.cat\/es\/wp-json\/wp\/v2\/pages\/3421\/revisions\/3425"}],"wp:attachment":[{"href":"https:\/\/mellacaseta.cat\/es\/wp-json\/wp\/v2\/media?parent=3421"}],"curies":[{"name":"wp","href":"https:\/\/api.w.org\/{rel}","templated":true}]}}