{"id":3334,"date":"2025-05-20T09:20:04","date_gmt":"2025-05-20T07:20:04","guid":{"rendered":"https:\/\/mellacaseta.cat\/?page_id=3334"},"modified":"2025-05-20T09:20:04","modified_gmt":"2025-05-20T07:20:04","slug":"politica-de-ventas-y-devoluciones","status":"publish","type":"page","link":"https:\/\/mellacaseta.cat\/es\/politica-de-ventas-y-devoluciones\/","title":{"rendered":"Pol\u00edtica de ventas y devoluciones"},"content":{"rendered":"<section  class='av_textblock_section av-maw6p4gv-1b892434192d8539e6d43b27e1d952ae '   itemscope=\"itemscope\" itemtype=\"https:\/\/schema.org\/CreativeWork\" ><div class='avia_textblock'  itemprop=\"text\" ><h1><span style=\"vertical-align: inherit;\"><span style=\"vertical-align: inherit;\">Pol\u00edtica de ventas, devoluciones y env\u00edos<\/span><\/span><\/h1>\n<h2><strong><span style=\"vertical-align: inherit;\"><span style=\"vertical-align: inherit;\">1. Ventas<\/span><\/span><\/strong><\/h2>\n<p><span style=\"vertical-align: inherit;\"><span style=\"vertical-align: inherit;\">En <\/span><\/span><strong><span style=\"vertical-align: inherit;\"><span style=\"vertical-align: inherit;\">Mel La Caseta<\/span><\/span><\/strong><span style=\"vertical-align: inherit;\"><span style=\"vertical-align: inherit;\"> nos dedicamos a la venta de productos derivados de la miel como miel, prop\u00f3leos, cera de abejas y velas artesanales. Todos los precios mostrados en nuestra web incluyen IVA y se detallan en euros. Los pedidos realizados a trav\u00e9s de nuestra tienda online est\u00e1n destinados a consumo personal y no para reventa.<\/span><\/span><\/p>\n<p><span style=\"vertical-align: inherit;\"><span style=\"vertical-align: inherit;\">Desde <\/span><\/span><strong><span style=\"vertical-align: inherit;\"><span style=\"vertical-align: inherit;\">Mel La Caseta<\/span><\/span><\/strong><span style=\"vertical-align: inherit;\"><span style=\"vertical-align: inherit;\"> , nos reservamos el derecho de modificar los precios, productos u ofertas en cualquier momento, sin previo aviso. Una vez confirmada tu compra, recibir\u00e1s un correo electr\u00f3nico con todos los detalles de tu pedido.<\/span><\/span><\/p>\n<h2><span style=\"vertical-align: inherit;\"><span style=\"vertical-align: inherit;\">2. Env\u00edos<\/span><\/span><\/h2>\n<p><span style=\"vertical-align: inherit;\"><span style=\"vertical-align: inherit;\">Los env\u00edos se realizan a Espa\u00f1a peninsular y Baleares, con un plazo de entrega de 7 d\u00edas h\u00e1biles, sujeto a la disponibilidad del producto y la ubicaci\u00f3n del cliente. Los costes de env\u00edo son de 5,95 \u20ac, excepto para pedidos superiores a 60 \u20ac, en los que el env\u00edo ser\u00e1 gratuito. Los pedidos se gestionan de lunes a viernes, excepto festivos.<\/span><\/span><\/p>\n<p><strong><span style=\"vertical-align: inherit;\"><span style=\"vertical-align: inherit;\">Miel La Caseta<\/span><\/span><\/strong><span style=\"vertical-align: inherit;\"><span style=\"vertical-align: inherit;\"> no se hace responsable de retrasos causados \u200b\u200bpor circunstancias externas, aunque se procurar\u00e1 encontrar una soluci\u00f3n adecuada. Para <\/span><\/span><strong><span style=\"vertical-align: inherit;\"><span style=\"vertical-align: inherit;\">entregas urgentes<\/span><\/span><\/strong><span style=\"vertical-align: inherit;\"><span style=\"vertical-align: inherit;\"> , es necesario contactar previamente con nosotros para consultar disponibilidad y plazos.<\/span><\/span><\/p>\n<h2><span style=\"vertical-align: inherit;\"><span style=\"vertical-align: inherit;\">3. Devoluciones<\/span><\/span><\/h2>\n<p><span style=\"vertical-align: inherit;\"><span style=\"vertical-align: inherit;\">En <\/span><\/span><strong><span style=\"vertical-align: inherit;\"><span style=\"vertical-align: inherit;\">Mel La Caseta<\/span><\/span><\/strong><span style=\"vertical-align: inherit;\"><span style=\"vertical-align: inherit;\"> , s\u00f3lo se aceptan devoluciones si el producto llega en mal estado o defectuoso. Si encuentras alg\u00fan problema con tu producto, tienes un plazo de <\/span><\/span><strong><span style=\"vertical-align: inherit;\"><span style=\"vertical-align: inherit;\">14 d\u00edas naturales<\/span><\/span><\/strong><span style=\"vertical-align: inherit;\"><span style=\"vertical-align: inherit;\"> desde la recepci\u00f3n para notificarnos la incidencia. Es imprescindible comunicarlo previamente a trav\u00e9s de nuestro correo electr\u00f3nico, indicando el n\u00famero de pedido y describiendo el problema.<\/span><\/span><\/p>\n<p><span style=\"vertical-align: inherit;\"><span style=\"vertical-align: inherit;\">Para que podamos aceptar la devoluci\u00f3n, el producto deber\u00e1 devolverse en sus condiciones originales y en su embalaje original. Si se verifica que el producto est\u00e1 da\u00f1ado o defectuoso, te ofreceremos la posibilidad de un cambio o reembolso del importe pagado. En estos casos, <\/span><\/span><strong><span style=\"vertical-align: inherit;\"><span style=\"vertical-align: inherit;\">Mel La Caseta<\/span><\/span><\/strong><span style=\"vertical-align: inherit;\"><span style=\"vertical-align: inherit;\"> asumir\u00e1 los gastos de devoluci\u00f3n.<\/span><\/span><\/p>\n<p><span style=\"vertical-align: inherit;\"><span style=\"vertical-align: inherit;\">No aceptamos devoluciones por cambios de opini\u00f3n o si el producto ha sido manipulado o usado. Los productos que no se devuelvan en perfecto estado no ser\u00e1n reembolsados.<\/span><\/span><\/p>\n<h2><span style=\"vertical-align: inherit;\"><span style=\"vertical-align: inherit;\">4. Pagos<\/span><\/span><\/h2>\n<p><span style=\"vertical-align: inherit;\"><span style=\"vertical-align: inherit;\">En <\/span><\/span><strong><span style=\"vertical-align: inherit;\"><span style=\"vertical-align: inherit;\">Mel La Caseta<\/span><\/span><\/strong><span style=\"vertical-align: inherit;\"><span style=\"vertical-align: inherit;\"> ofrecemos dos opciones de pago para que puedas elegir la que m\u00e1s te convenga:<\/span><\/span><\/p>\n<ul>\n<li><strong><span style=\"vertical-align: inherit;\"><span style=\"vertical-align: inherit;\">Pago mediante Bizum:<\/span><\/span><\/strong><span style=\"vertical-align: inherit;\"><span style=\"vertical-align: inherit;\"> Paga de forma r\u00e1pida y segura utilizando tu tel\u00e9fono m\u00f3vil.<\/span><\/span><\/li>\n<li><strong><span style=\"vertical-align: inherit;\"><span style=\"vertical-align: inherit;\">Pago con tarjeta de cr\u00e9dito\/d\u00e9bito (Redsys):<\/span><\/span><\/strong><span style=\"vertical-align: inherit;\"><span style=\"vertical-align: inherit;\"> Aceptamos pagos con tarjeta a trav\u00e9s del sistema seguro de Redsys, garantizando una transacci\u00f3n fiable y protegida.<\/span><\/span><\/li>\n<\/ul>\n<p><span style=\"vertical-align: inherit;\"><span style=\"vertical-align: inherit;\">Todas las transacciones se realizan en un entorno seguro para garantizar la protecci\u00f3n de tus datos personales y bancarios.<\/span><\/span><\/p>\n<h2><span style=\"vertical-align: inherit;\"><span style=\"vertical-align: inherit;\">Contacto para devoluciones e incidencias<\/span><\/span><\/h2>\n<p><span style=\"vertical-align: inherit;\"><span style=\"vertical-align: inherit;\">Si tienes alguna incidencia con tu pedido o quieres realizar una devoluci\u00f3n, por favor, ponte en contacto con nosotros a trav\u00e9s de nuestro correo electr\u00f3nico. Estaremos encantados de ayudarte y ofrecer una soluci\u00f3n r\u00e1pida y satisfactoria.<\/span><\/span><\/p>\n<\/div><\/section>\n","protected":false},"excerpt":{"rendered":"","protected":false},"author":3,"featured_media":0,"parent":0,"menu_order":0,"comment_status":"closed","ping_status":"closed","template":"","meta":{"footnotes":""},"class_list":["post-3334","page","type-page","status-publish","hentry"],"yoast_head":"<!-- This site is optimized with the Yoast SEO plugin v27.2 - https:\/\/yoast.com\/product\/yoast-seo-wordpress\/ -->\n<title>Pol\u00edtica de ventas y devoluciones - Mel La Caseta<\/title>\n<meta name=\"robots\" content=\"index, follow, max-snippet:-1, max-image-preview:large, max-video-preview:-1\" \/>\n<link rel=\"canonical\" href=\"https:\/\/mellacaseta.cat\/es\/politica-de-ventas-y-devoluciones\/\" \/>\n<meta property=\"og:locale\" content=\"es_ES\" \/>\n<meta property=\"og:type\" content=\"article\" \/>\n<meta property=\"og:title\" content=\"Pol\u00edtica de ventas y devoluciones - Mel La Caseta\" \/>\n<meta property=\"og:url\" content=\"https:\/\/mellacaseta.cat\/es\/politica-de-ventas-y-devoluciones\/\" \/>\n<meta property=\"og:site_name\" content=\"Mel La Caseta\" \/>\n<meta name=\"twitter:card\" content=\"summary_large_image\" \/>\n<meta name=\"twitter:label1\" content=\"Tiempo de lectura\" \/>\n\t<meta name=\"twitter:data1\" content=\"3 minutos\" \/>\n<script type=\"application\/ld+json\" class=\"yoast-schema-graph\">{\"@context\":\"https:\/\/schema.org\",\"@graph\":[{\"@type\":\"WebPage\",\"@id\":\"https:\/\/mellacaseta.cat\/es\/politica-de-ventas-y-devoluciones\/\",\"url\":\"https:\/\/mellacaseta.cat\/es\/politica-de-ventas-y-devoluciones\/\",\"name\":\"Pol\u00edtica de ventas y devoluciones - Mel La Caseta\",\"isPartOf\":{\"@id\":\"https:\/\/mellacaseta.cat\/es\/#website\"},\"datePublished\":\"2025-05-20T07:20:04+00:00\",\"breadcrumb\":{\"@id\":\"https:\/\/mellacaseta.cat\/es\/politica-de-ventas-y-devoluciones\/#breadcrumb\"},\"inLanguage\":\"es\",\"potentialAction\":[{\"@type\":\"ReadAction\",\"target\":[\"https:\/\/mellacaseta.cat\/es\/politica-de-ventas-y-devoluciones\/\"]}]},{\"@type\":\"BreadcrumbList\",\"@id\":\"https:\/\/mellacaseta.cat\/es\/politica-de-ventas-y-devoluciones\/#breadcrumb\",\"itemListElement\":[{\"@type\":\"ListItem\",\"position\":1,\"name\":\"Inici\",\"item\":\"https:\/\/mellacaseta.cat\/es\/inicio\/\"},{\"@type\":\"ListItem\",\"position\":2,\"name\":\"Pol\u00edtica de ventas y devoluciones\"}]},{\"@type\":\"WebSite\",\"@id\":\"https:\/\/mellacaseta.cat\/es\/#website\",\"url\":\"https:\/\/mellacaseta.cat\/es\/\",\"name\":\"Mel La Caseta\",\"description\":\"Mel 100% artesanal al cor del Bergued\u00e0\",\"potentialAction\":[{\"@type\":\"SearchAction\",\"target\":{\"@type\":\"EntryPoint\",\"urlTemplate\":\"https:\/\/mellacaseta.cat\/es\/?s={search_term_string}\"},\"query-input\":{\"@type\":\"PropertyValueSpecification\",\"valueRequired\":true,\"valueName\":\"search_term_string\"}}],\"inLanguage\":\"es\"}]}<\/script>\n<!-- \/ Yoast SEO plugin. -->","yoast_head_json":{"title":"Pol\u00edtica de ventas y devoluciones - Mel La Caseta","robots":{"index":"index","follow":"follow","max-snippet":"max-snippet:-1","max-image-preview":"max-image-preview:large","max-video-preview":"max-video-preview:-1"},"canonical":"https:\/\/mellacaseta.cat\/es\/politica-de-ventas-y-devoluciones\/","og_locale":"es_ES","og_type":"article","og_title":"Pol\u00edtica de ventas y devoluciones - Mel La Caseta","og_url":"https:\/\/mellacaseta.cat\/es\/politica-de-ventas-y-devoluciones\/","og_site_name":"Mel La Caseta","twitter_card":"summary_large_image","twitter_misc":{"Tiempo de lectura":"3 minutos"},"schema":{"@context":"https:\/\/schema.org","@graph":[{"@type":"WebPage","@id":"https:\/\/mellacaseta.cat\/es\/politica-de-ventas-y-devoluciones\/","url":"https:\/\/mellacaseta.cat\/es\/politica-de-ventas-y-devoluciones\/","name":"Pol\u00edtica de ventas y devoluciones - Mel La Caseta","isPartOf":{"@id":"https:\/\/mellacaseta.cat\/es\/#website"},"datePublished":"2025-05-20T07:20:04+00:00","breadcrumb":{"@id":"https:\/\/mellacaseta.cat\/es\/politica-de-ventas-y-devoluciones\/#breadcrumb"},"inLanguage":"es","potentialAction":[{"@type":"ReadAction","target":["https:\/\/mellacaseta.cat\/es\/politica-de-ventas-y-devoluciones\/"]}]},{"@type":"BreadcrumbList","@id":"https:\/\/mellacaseta.cat\/es\/politica-de-ventas-y-devoluciones\/#breadcrumb","itemListElement":[{"@type":"ListItem","position":1,"name":"Inici","item":"https:\/\/mellacaseta.cat\/es\/inicio\/"},{"@type":"ListItem","position":2,"name":"Pol\u00edtica de ventas y devoluciones"}]},{"@type":"WebSite","@id":"https:\/\/mellacaseta.cat\/es\/#website","url":"https:\/\/mellacaseta.cat\/es\/","name":"Mel La Caseta","description":"Mel 100% artesanal al cor del Bergued\u00e0","potentialAction":[{"@type":"SearchAction","target":{"@type":"EntryPoint","urlTemplate":"https:\/\/mellacaseta.cat\/es\/?s={search_term_string}"},"query-input":{"@type":"PropertyValueSpecification","valueRequired":true,"valueName":"search_term_string"}}],"inLanguage":"es"}]}},"_links":{"self":[{"href":"https:\/\/mellacaseta.cat\/es\/wp-json\/wp\/v2\/pages\/3334","targetHints":{"allow":["GET"]}}],"collection":[{"href":"https:\/\/mellacaseta.cat\/es\/wp-json\/wp\/v2\/pages"}],"about":[{"href":"https:\/\/mellacaseta.cat\/es\/wp-json\/wp\/v2\/types\/page"}],"author":[{"embeddable":true,"href":"https:\/\/mellacaseta.cat\/es\/wp-json\/wp\/v2\/users\/3"}],"replies":[{"embeddable":true,"href":"https:\/\/mellacaseta.cat\/es\/wp-json\/wp\/v2\/comments?post=3334"}],"version-history":[{"count":2,"href":"https:\/\/mellacaseta.cat\/es\/wp-json\/wp\/v2\/pages\/3334\/revisions"}],"predecessor-version":[{"id":3336,"href":"https:\/\/mellacaseta.cat\/es\/wp-json\/wp\/v2\/pages\/3334\/revisions\/3336"}],"wp:attachment":[{"href":"https:\/\/mellacaseta.cat\/es\/wp-json\/wp\/v2\/media?parent=3334"}],"curies":[{"name":"wp","href":"https:\/\/api.w.org\/{rel}","templated":true}]}}