{"id":2769,"date":"2025-01-13T12:39:22","date_gmt":"2025-01-13T11:39:22","guid":{"rendered":"https:\/\/mellacaseta.cat\/contacto\/"},"modified":"2025-08-20T10:35:23","modified_gmt":"2025-08-20T08:35:23","slug":"contacto","status":"publish","type":"page","link":"https:\/\/mellacaseta.cat\/es\/contacto\/","title":{"rendered":"Contacto"},"content":{"rendered":"\n<style type=\"text\/css\" data-created_by=\"avia_inline_auto\" id=\"style-css-av-lzsahdbp-52f4a79c4a2f814a5f37a985e18816bc\">\n.avia-section.av-lzsahdbp-52f4a79c4a2f814a5f37a985e18816bc{\nbackground-repeat:no-repeat;\nbackground-image:url(https:\/\/mellacaseta.cat\/wp-content\/uploads\/2024\/10\/mel-la-caseta-072-scaled.jpg);\nbackground-position:50% 100%;\nbackground-attachment:scroll;\n}\n.avia-section.av-lzsahdbp-52f4a79c4a2f814a5f37a985e18816bc .av-section-color-overlay{\nopacity:0.5;\nbackground-color:#0a0a0a;\n}\n<\/style>\n<div id='av_section_1'  class='avia-section av-lzsahdbp-52f4a79c4a2f814a5f37a985e18816bc alternate_color avia-section-default avia-no-border-styling  avia-builder-el-0  el_before_av_section  avia-builder-el-first  breadcrumb-slider avia-full-stretch avia-bg-style-scroll av-section-color-overlay-active av-minimum-height av-minimum-height-50 av-height-50  container_wrap fullsize'  data-section-bg-repeat='stretch' data-av_minimum_height_pc='50' data-av_min_height_opt='50'><div class=\"av-section-color-overlay-wrap\"><div class=\"av-section-color-overlay\"><\/div><div class='container av-section-cont-open' ><main  role=\"main\" itemprop=\"mainContentOfPage\"  class='template-page content  av-content-full alpha units'><div class='post-entry post-entry-type-page post-entry-2769'><div class='entry-content-wrapper clearfix'>\n<section  class='av_textblock_section av-11xwk-b04104f0c36dd37e44fd9d7bcf752ae3 '   itemscope=\"itemscope\" itemtype=\"https:\/\/schema.org\/CreativeWork\" ><div class='avia_textblock'  itemprop=\"text\" ><p style=\"text-align: center;\"><span class=\"breadcrumb-page-title\">Contacto<\/span><\/p>\n<\/div><\/section>\n\n<\/div><\/div><\/main><!-- close content main element --><\/div><\/div><\/div><div id='av_section_2'  class='avia-section av-lzs3ojzw-44cfa4ed9c44cf522d90320a553b4fe6 alternate_color avia-section-default avia-no-border-styling  avia-builder-el-2  el_after_av_section  el_before_av_google_map  avia-bg-style-scroll container_wrap fullsize'  ><div class='container av-section-cont-open' ><div class='template-page content  av-content-full alpha units'><div class='post-entry post-entry-type-page post-entry-2769'><div class='entry-content-wrapper clearfix'>\n\n<style type=\"text\/css\" data-created_by=\"avia_inline_auto\" id=\"style-css-av-6hslk-35b6ebc8705e75644b77c05048605258\">\n.flex_column.av-6hslk-35b6ebc8705e75644b77c05048605258{\nborder-radius:0px 0px 0px 0px;\npadding:20px 20px 20px 20px;\nbackground-color:#ffffff;\n}\n<\/style>\n<div  class='flex_column av-6hslk-35b6ebc8705e75644b77c05048605258 av_one_half  avia-builder-el-3  el_before_av_one_half  avia-builder-el-first  first flex_column_div  '     ><form action=\"https:\/\/mellacaseta.cat\/es\/contacto\/\" method=\"post\" data-fields-with-error=\"Found errors in the following field(s):\" class=\"avia_ajax_form av-form-labels-hidden   avia-builder-el-4  avia-builder-el-no-sibling   \" data-avia-form-id=\"1\" data-avia-redirect='' ><fieldset><p class='  first_form  form_element form_element_half' id='element_avia_1_1'><label for=\"avia_1_1\">Nombre <abbr class=\"required\" title=\"requerido\">*<\/abbr><\/label> <input name=\"avia_1_1\" class=\"text_input is_empty\" type=\"text\" id=\"avia_1_1\" value=\"\"  placeholder='Nombre*'\/><\/p><p class='  form_element form_element_half' id='element_avia_2_1'><label for=\"avia_2_1\">Apellido<\/label> <input name=\"avia_2_1\" class=\"text_input \" type=\"text\" id=\"avia_2_1\" value=\"\"  placeholder='Apellido'\/><\/p><p class='  first_form  form_element form_element_half' id='element_avia_3_1'><label for=\"avia_3_1\">E-Mail <abbr class=\"required\" title=\"requerido\">*<\/abbr><\/label> <input name=\"avia_3_1\" class=\"text_input is_email\" type=\"text\" id=\"avia_3_1\" value=\"\"  placeholder='E-Mail*'\/><\/p><p class='  form_element form_element_half' id='element_avia_4_1'><label for=\"avia_4_1\">Tel\u00e9fono<\/label> <input name=\"avia_4_1\" class=\"text_input \" type=\"text\" id=\"avia_4_1\" value=\"\"  placeholder='Tel\u00e9fono'\/><\/p><p class='  first_form  form_element form_fullwidth' id='element_avia_5_1'><label for=\"avia_5_1\" class=\"textare_label hidden textare_label_avia_5_1\">Mensaje <abbr class=\"required\" title=\"requerido\">*<\/abbr><\/label><textarea  placeholder='Mensaje*' name=\"avia_5_1\" class=\"text_area is_empty\" cols=\"40\" rows=\"7\" id=\"avia_5_1\" ><\/textarea><\/p><p class=\"hidden\"><input type=\"text\" name=\"avia_6_1\" class=\"hidden \" id=\"avia_6_1\" value=\"\" \/><\/p><div id='avia_7_1' class='av-recaptcha-area  first_form  form_element form_fullwidth av-last-visible-form-element '  data-container_class=\"\" data-custom_class=\"\" data-context=\"av_contact_form\" data-token_input=\"av_recaptcha_token\" data-version=\"avia_recaptcha_v3\" data-theme=\"light\" data-size=\"normal\" data-score=\"0.5\" data-text_to_preview=\"\" data-value=\"\"><div class=\"av-google-badge-message hidden\">Este sitio est\u00e1 protegido por reCAPTCHA y se aplican la <a href=\"https:\/\/policies.google.com\/privacy\" target=\"_blank\">Pol\u00edtica de privacidad<\/a> y las <a href=\"https:\/\/policies.google.com\/terms\" target=\"_blank\">Condiciones de servicio <\/a> de Google.<\/div><\/div><p class=' av_form_privacy_check av_contact_privacy_check first_form  form_element form_fullwidth' id='element_avia_8_1'><input  name=\"avia_8_1\" class=\"input_checkbox is_empty\" type=\"checkbox\" id=\"avia_8_1\" value=\"true\"\/><label class=\"input_checkbox_label\" for=\"avia_8_1\">Acepto los t\u00e9rminos y condiciones establecidos en la <a href='https:\/\/mellacaseta.cat\/politica-privacitat\/' target='_blank'> Pol\u00edtica de privacidad<\/a> <abbr class=\"required\" title=\"requerido\">*<\/abbr><\/label><\/p><p class=\"form_element \"><input type=\"hidden\" value=\"1\" name=\"avia_generated_form1\" \/><input type=\"submit\" value=\"Enviar\" class=\"button\"  data-sending-label=\"Enviando\"\/><\/p><\/fieldset><div class=\"avia-disabled-form\">This contact form is deactivated because you refused to accept Google reCaptcha service which is necessary to validate any messages sent by the form.<\/div><\/form><div id=\"ajaxresponse_1\" class=\"ajaxresponse ajaxresponse_1 hidden\"><\/div><\/div>\n<style type=\"text\/css\" data-created_by=\"avia_inline_auto\" id=\"style-css-av-1306c-8d286f37210bfed16831fd2ed98a7538\">\n.flex_column.av-1306c-8d286f37210bfed16831fd2ed98a7538{\nborder-radius:0px 0px 0px 0px;\npadding:0px 0px 0px 0px;\n}\n<\/style>\n<div  class='flex_column av-1306c-8d286f37210bfed16831fd2ed98a7538 av_one_half  avia-builder-el-5  el_after_av_one_half  avia-builder-el-last  text-formulari flex_column_div av-zero-column-padding  '     ><p>\n<style type=\"text\/css\" data-created_by=\"avia_inline_auto\" id=\"style-css-av-r28k-8c2b9435d9ec86686d6c4aa952c2a3c3\">\n#top .av-special-heading.av-r28k-8c2b9435d9ec86686d6c4aa952c2a3c3{\npadding-bottom:10px;\n}\nbody .av-special-heading.av-r28k-8c2b9435d9ec86686d6c4aa952c2a3c3 .av-special-heading-tag .heading-char{\nfont-size:25px;\n}\n.av-special-heading.av-r28k-8c2b9435d9ec86686d6c4aa952c2a3c3 .av-subheading{\nfont-size:15px;\n}\n<\/style>\n<div  class='av-special-heading av-r28k-8c2b9435d9ec86686d6c4aa952c2a3c3 av-special-heading-h1 blockquote modern-quote  avia-builder-el-6  el_before_av_textblock  avia-builder-el-first '><h1 class='av-special-heading-tag '  itemprop=\"headline\"  >Contacta con nosotros<\/h1><div class=\"special-heading-border\"><div class=\"special-heading-inner-border\"><\/div><\/div><\/div><br \/>\n<section  class='av_textblock_section av-m051oq9q-04a5ef8ee759f5548555b025c8debcf5 '   itemscope=\"itemscope\" itemtype=\"https:\/\/schema.org\/CreativeWork\" ><div class='avia_textblock'  itemprop=\"text\" ><p style=\"text-align: left;\">\u00a1Estamos aqu\u00ed para ayudarte! Si tienes cualquier pregunta sobre nuestros productos, quieres m\u00e1s informaci\u00f3n sobre las visitas guiadas o simplemente quieres saber m\u00e1s sobre el mundo de la apicultura, no dudes en ponerte en contacto con nosotros. Estaremos encantados de atenderte.<\/p>\n<\/div><\/section><br \/>\n<section  class='av_textblock_section av-39bjk-1a61f826f2b160097d8b9811236448f7 '   itemscope=\"itemscope\" itemtype=\"https:\/\/schema.org\/CreativeWork\" ><div class='avia_textblock'  itemprop=\"text\" >\n<style type=\"text\/css\" data-created_by=\"avia_inline_auto\" id=\"style-css-av-24f0g-3393774e691dfff5f92c3fe58f70311c\">\n.av_font_icon.av-24f0g-3393774e691dfff5f92c3fe58f70311c .av-icon-char{\nfont-size:27px;\nline-height:27px;\n}\n<\/style>\n<span  class='av_font_icon av-24f0g-3393774e691dfff5f92c3fe58f70311c avia_animate_when_visible av-icon-style- avia-icon-pos-left av-no-color avia-icon-animate'><span class='av-icon-char' aria-hidden='true' data-av_icon='\ue842' data-av_iconfont='entypo-fontello' ><\/span><\/span>\n<p><a href=\"https:\/\/maps.app.goo.gl\/Ty7UmhBGekGbnEn96\" target=\"_blank\" rel=\"noopener\">AV. Pau Casals,65, Avi\u00e0, 08610 Barcelona<\/a><\/p>\n<\/div><\/section><br \/>\n<section  class='av_textblock_section av-m0c8gjh7-f8a5b499a4f20175f6682775e799d2e3 '   itemscope=\"itemscope\" itemtype=\"https:\/\/schema.org\/CreativeWork\" ><div class='avia_textblock'  itemprop=\"text\" >\n<style type=\"text\/css\" data-created_by=\"avia_inline_auto\" id=\"style-css-av-1eb4c-4f697966913ebe1cb9d6492640f17cca\">\n.av_font_icon.av-1eb4c-4f697966913ebe1cb9d6492640f17cca .av-icon-char{\nfont-size:27px;\nline-height:27px;\n}\n<\/style>\n<span  class='av_font_icon av-1eb4c-4f697966913ebe1cb9d6492640f17cca avia_animate_when_visible av-icon-style- avia-icon-pos-left av-no-color avia-icon-animate'><span class='av-icon-char' aria-hidden='true' data-av_icon='\ue805' data-av_iconfont='entypo-fontello' ><\/span><\/span>\n<p><a href=\"mailto:info@mellacaseta.cat\">info@mellacaseta.cat<\/a><\/p>\n<\/div><\/section><br \/>\n<section  class='av_textblock_section av-m0c8iklx-cc583fe73e8ad2f19d4ab6c9f912c082 '   itemscope=\"itemscope\" itemtype=\"https:\/\/schema.org\/CreativeWork\" ><div class='avia_textblock'  itemprop=\"text\" >\n<style type=\"text\/css\" data-created_by=\"avia_inline_auto\" id=\"style-css-av-zagg-104bdb5bd6873226e209919b798c597f\">\n.av_font_icon.av-zagg-104bdb5bd6873226e209919b798c597f .av-icon-char{\nfont-size:25px;\nline-height:25px;\n}\n<\/style>\n<span  class='av_font_icon av-zagg-104bdb5bd6873226e209919b798c597f avia_animate_when_visible av-icon-style- avia-icon-pos-left av-no-color avia-icon-animate'><span class='av-icon-char' aria-hidden='true' data-av_icon='\ue854' data-av_iconfont='entypo-fontello' ><\/span><\/span>\n<p><a href=\"tel:638072694\">638 07 26 94<\/a><\/p>\n<\/div><\/section><br \/>\n<section  class='av_textblock_section av-25s8o-14daf4d0263ec18d3533c3039b981565 '   itemscope=\"itemscope\" itemtype=\"https:\/\/schema.org\/CreativeWork\" ><div class='avia_textblock'  itemprop=\"text\" >\n<style type=\"text\/css\" data-created_by=\"avia_inline_auto\" id=\"style-css-av-58wc-fe0076f66cee4d3e956e612c74afc3d0\">\n.av_font_icon.av-58wc-fe0076f66cee4d3e956e612c74afc3d0 .av-icon-char{\nfont-size:25px;\nline-height:25px;\n}\n<\/style>\n<span  class='av_font_icon av-58wc-fe0076f66cee4d3e956e612c74afc3d0 avia_animate_when_visible av-icon-style- avia-icon-pos-left av-no-color avia-icon-animate'><span class='av-icon-char' aria-hidden='true' data-av_icon='\uf232' data-av_iconfont='entypo-fontello' ><\/span><\/span>\n<p><a href=\"https:\/\/wa.me\/+3434638072694\" target=\"_blank\" rel=\"noopener\">34 638 07 26 94<\/a><\/p>\n<\/div><\/section><br \/>\n<section  class='av_textblock_section av-s51s-fc7995c40e09b0f40e7a4eefbaf9dd89 '   itemscope=\"itemscope\" itemtype=\"https:\/\/schema.org\/CreativeWork\" ><div class='avia_textblock'  itemprop=\"text\" >\n<style type=\"text\/css\" data-created_by=\"avia_inline_auto\" id=\"style-css-av-16fh8-54a209ccc9445f61abec968f48ce55c0\">\n.av_font_icon.av-16fh8-54a209ccc9445f61abec968f48ce55c0 .av-icon-char{\nfont-size:25px;\nline-height:25px;\n}\n<\/style>\n<span  class='av_font_icon av-16fh8-54a209ccc9445f61abec968f48ce55c0 avia_animate_when_visible av-icon-style- avia-icon-pos-left av-no-color avia-icon-animate'><span class='av-icon-char' aria-hidden='true' data-av_icon='\uf16d' data-av_iconfont='entypo-fontello' ><\/span><\/span>\n<p style=\"text-align: left;\"><a href=\"https:\/\/www.instagram.com\/mel_lacaseta\/\" target=\"_blank\" rel=\"noopener\">@<\/a> <a href=\"https:\/\/www.instagram.com\/mel_lacaseta\/\" target=\"_blank\" rel=\"noopener\">mel_lacaseta<\/a><\/p>\n<\/div><\/section><\/p><\/div><div  class='av_gmaps_sc_main_wrap av_gmaps_main_wrap '><div id='av_gmap_0' class='avia-google-map-container avia-google-map-sc av_gmaps_show_unconditionally av-no-fallback-img ' data-mapid='av_gmap_0'  style='height: 400px;'><a class=\"av_gmaps_browser_disabled av_text_confirm_link av_text_confirm_link_visible\" href=\"https:\/\/www.google.com\/maps\/search\/?api=1&#038;query=AV.%20Pau%20Casals,65%20%20Avi\u00e0%20%20Spain\" target=\"_blank\">Maps were disabled by the visitor on this site. Click to open the map in a new window.<\/a><\/div><\/div><\/p>\n<div  class='flex_column av-33cko-e9850e1211c9a18715ef6489b9710755 av_one_third  avia-builder-el-19  el_after_av_google_map  el_before_av_one_third  avia-builder-el-first  first flex_column_div  '     ><\/div>\n<div  class='flex_column av-2udkw-8c711f007d5a7442ae5c30a8ee467940 av_one_third  avia-builder-el-20  el_after_av_one_third  el_before_av_one_third  flex_column_div  '     ><style type=\"text\/css\" data-created_by=\"avia_inline_auto\" id=\"style-css-av-2dof8-8d31e92e36fc470b4de702ca9d22e248\">\n.avia-image-container.av-2dof8-8d31e92e36fc470b4de702ca9d22e248 img.avia_image{\nbox-shadow:none;\n}\n.avia-image-container.av-2dof8-8d31e92e36fc470b4de702ca9d22e248 .av-image-caption-overlay-center{\ncolor:#ffffff;\n}\n<\/style>\n<div  class='avia-image-container av-2dof8-8d31e92e36fc470b4de702ca9d22e248 av-styling- avia-align-center  avia-builder-el-21  avia-builder-el-no-sibling '   itemprop=\"image\" itemscope=\"itemscope\" itemtype=\"https:\/\/schema.org\/ImageObject\" ><div class=\"avia-image-container-inner\"><div class=\"avia-image-overlay-wrap\"><img decoding=\"async\" fetchpriority=\"high\" class='wp-image-2771 avia-img-lazy-loading-not-2771 avia_image ' src=\"https:\/\/mellacaseta.cat\/wp-content\/uploads\/2024\/08\/icon-features-1.png\" alt='' title='icon-features-1'  height=\"84\" width=\"76\"  itemprop=\"thumbnailUrl\"  \/><\/div><\/div><\/div><\/div>\n<div  class='flex_column av-1kyjs-fc90247eb20bb3c9a52b043b180da5c9 av_one_third  avia-builder-el-22  el_after_av_one_third  avia-builder-el-last  flex_column_div  '     ><\/div>\n","protected":false},"excerpt":{"rendered":"","protected":false},"author":3,"featured_media":0,"parent":0,"menu_order":0,"comment_status":"closed","ping_status":"closed","template":"","meta":{"footnotes":""},"class_list":["post-2769","page","type-page","status-publish","hentry"],"yoast_head":"<!-- This site is optimized with the Yoast SEO plugin v27.2 - https:\/\/yoast.com\/product\/yoast-seo-wordpress\/ -->\n<title>Contacta con Mel La Caseta en el Bergued\u00e0<\/title>\n<meta name=\"description\" content=\"Ponte en contacto con nosotros para m\u00e1s informaci\u00f3n sobre nuestros productos ap\u00edcolas artesanales.\" \/>\n<meta name=\"robots\" content=\"index, follow, max-snippet:-1, max-image-preview:large, max-video-preview:-1\" \/>\n<link rel=\"canonical\" href=\"https:\/\/mellacaseta.cat\/es\/contacto\/\" \/>\n<meta property=\"og:locale\" content=\"es_ES\" \/>\n<meta property=\"og:type\" content=\"article\" \/>\n<meta property=\"og:title\" content=\"Contacta con Mel La Caseta en el Bergued\u00e0\" \/>\n<meta property=\"og:description\" content=\"Ponte en contacto con nosotros para m\u00e1s informaci\u00f3n sobre nuestros productos ap\u00edcolas artesanales.\" \/>\n<meta property=\"og:url\" content=\"https:\/\/mellacaseta.cat\/es\/contacto\/\" \/>\n<meta property=\"og:site_name\" content=\"Mel La Caseta\" \/>\n<meta property=\"article:modified_time\" content=\"2025-08-20T08:35:23+00:00\" \/>\n<meta name=\"twitter:card\" content=\"summary_large_image\" \/>\n<meta name=\"twitter:label1\" content=\"Tiempo de lectura\" \/>\n\t<meta name=\"twitter:data1\" content=\"1 minuto\" \/>\n<script type=\"application\/ld+json\" class=\"yoast-schema-graph\">{\"@context\":\"https:\/\/schema.org\",\"@graph\":[{\"@type\":\"WebPage\",\"@id\":\"https:\/\/mellacaseta.cat\/es\/contacto\/\",\"url\":\"https:\/\/mellacaseta.cat\/es\/contacto\/\",\"name\":\"Contacta con Mel La Caseta en el Bergued\u00e0\",\"isPartOf\":{\"@id\":\"https:\/\/mellacaseta.cat\/es\/#website\"},\"datePublished\":\"2025-01-13T11:39:22+00:00\",\"dateModified\":\"2025-08-20T08:35:23+00:00\",\"description\":\"Ponte en contacto con nosotros para m\u00e1s informaci\u00f3n sobre nuestros productos ap\u00edcolas artesanales.\",\"breadcrumb\":{\"@id\":\"https:\/\/mellacaseta.cat\/es\/contacto\/#breadcrumb\"},\"inLanguage\":\"es\",\"potentialAction\":[{\"@type\":\"ReadAction\",\"target\":[\"https:\/\/mellacaseta.cat\/es\/contacto\/\"]}]},{\"@type\":\"BreadcrumbList\",\"@id\":\"https:\/\/mellacaseta.cat\/es\/contacto\/#breadcrumb\",\"itemListElement\":[{\"@type\":\"ListItem\",\"position\":1,\"name\":\"Inici\",\"item\":\"https:\/\/mellacaseta.cat\/es\/inicio\/\"},{\"@type\":\"ListItem\",\"position\":2,\"name\":\"Contacto\"}]},{\"@type\":\"WebSite\",\"@id\":\"https:\/\/mellacaseta.cat\/es\/#website\",\"url\":\"https:\/\/mellacaseta.cat\/es\/\",\"name\":\"Mel La Caseta\",\"description\":\"Mel 100% artesanal al cor del Bergued\u00e0\",\"potentialAction\":[{\"@type\":\"SearchAction\",\"target\":{\"@type\":\"EntryPoint\",\"urlTemplate\":\"https:\/\/mellacaseta.cat\/es\/?s={search_term_string}\"},\"query-input\":{\"@type\":\"PropertyValueSpecification\",\"valueRequired\":true,\"valueName\":\"search_term_string\"}}],\"inLanguage\":\"es\"}]}<\/script>\n<!-- \/ Yoast SEO plugin. -->","yoast_head_json":{"title":"Contacta con Mel La Caseta en el Bergued\u00e0","description":"Ponte en contacto con nosotros para m\u00e1s informaci\u00f3n sobre nuestros productos ap\u00edcolas artesanales.","robots":{"index":"index","follow":"follow","max-snippet":"max-snippet:-1","max-image-preview":"max-image-preview:large","max-video-preview":"max-video-preview:-1"},"canonical":"https:\/\/mellacaseta.cat\/es\/contacto\/","og_locale":"es_ES","og_type":"article","og_title":"Contacta con Mel La Caseta en el Bergued\u00e0","og_description":"Ponte en contacto con nosotros para m\u00e1s informaci\u00f3n sobre nuestros productos ap\u00edcolas artesanales.","og_url":"https:\/\/mellacaseta.cat\/es\/contacto\/","og_site_name":"Mel La Caseta","article_modified_time":"2025-08-20T08:35:23+00:00","twitter_card":"summary_large_image","twitter_misc":{"Tiempo de lectura":"1 minuto"},"schema":{"@context":"https:\/\/schema.org","@graph":[{"@type":"WebPage","@id":"https:\/\/mellacaseta.cat\/es\/contacto\/","url":"https:\/\/mellacaseta.cat\/es\/contacto\/","name":"Contacta con Mel La Caseta en el Bergued\u00e0","isPartOf":{"@id":"https:\/\/mellacaseta.cat\/es\/#website"},"datePublished":"2025-01-13T11:39:22+00:00","dateModified":"2025-08-20T08:35:23+00:00","description":"Ponte en contacto con nosotros para m\u00e1s informaci\u00f3n sobre nuestros productos ap\u00edcolas artesanales.","breadcrumb":{"@id":"https:\/\/mellacaseta.cat\/es\/contacto\/#breadcrumb"},"inLanguage":"es","potentialAction":[{"@type":"ReadAction","target":["https:\/\/mellacaseta.cat\/es\/contacto\/"]}]},{"@type":"BreadcrumbList","@id":"https:\/\/mellacaseta.cat\/es\/contacto\/#breadcrumb","itemListElement":[{"@type":"ListItem","position":1,"name":"Inici","item":"https:\/\/mellacaseta.cat\/es\/inicio\/"},{"@type":"ListItem","position":2,"name":"Contacto"}]},{"@type":"WebSite","@id":"https:\/\/mellacaseta.cat\/es\/#website","url":"https:\/\/mellacaseta.cat\/es\/","name":"Mel La Caseta","description":"Mel 100% artesanal al cor del Bergued\u00e0","potentialAction":[{"@type":"SearchAction","target":{"@type":"EntryPoint","urlTemplate":"https:\/\/mellacaseta.cat\/es\/?s={search_term_string}"},"query-input":{"@type":"PropertyValueSpecification","valueRequired":true,"valueName":"search_term_string"}}],"inLanguage":"es"}]}},"_links":{"self":[{"href":"https:\/\/mellacaseta.cat\/es\/wp-json\/wp\/v2\/pages\/2769","targetHints":{"allow":["GET"]}}],"collection":[{"href":"https:\/\/mellacaseta.cat\/es\/wp-json\/wp\/v2\/pages"}],"about":[{"href":"https:\/\/mellacaseta.cat\/es\/wp-json\/wp\/v2\/types\/page"}],"author":[{"embeddable":true,"href":"https:\/\/mellacaseta.cat\/es\/wp-json\/wp\/v2\/users\/3"}],"replies":[{"embeddable":true,"href":"https:\/\/mellacaseta.cat\/es\/wp-json\/wp\/v2\/comments?post=2769"}],"version-history":[{"count":8,"href":"https:\/\/mellacaseta.cat\/es\/wp-json\/wp\/v2\/pages\/2769\/revisions"}],"predecessor-version":[{"id":3666,"href":"https:\/\/mellacaseta.cat\/es\/wp-json\/wp\/v2\/pages\/2769\/revisions\/3666"}],"wp:attachment":[{"href":"https:\/\/mellacaseta.cat\/es\/wp-json\/wp\/v2\/media?parent=2769"}],"curies":[{"name":"wp","href":"https:\/\/api.w.org\/{rel}","templated":true}]}}