{"id":2723,"date":"2025-01-13T12:35:56","date_gmt":"2025-01-13T11:35:56","guid":{"rendered":"https:\/\/mellacaseta.cat\/mi-cuenta\/"},"modified":"2025-01-13T12:35:56","modified_gmt":"2025-01-13T11:35:56","slug":"mi-cuenta","status":"publish","type":"page","link":"https:\/\/mellacaseta.cat\/es\/mi-cuenta\/","title":{"rendered":"Mi cuenta"},"content":{"rendered":"<div class=\"woocommerce\"><\/div>\n","protected":false},"excerpt":{"rendered":"","protected":false},"author":1,"featured_media":0,"parent":0,"menu_order":0,"comment_status":"closed","ping_status":"closed","template":"","meta":{"footnotes":""},"class_list":["post-2723","page","type-page","status-publish","hentry"],"yoast_head":"<!-- This site is optimized with the Yoast SEO plugin v27.2 - https:\/\/yoast.com\/product\/yoast-seo-wordpress\/ -->\n<title>Recupera tu contrase\u00f1a de Mel La Caseta<\/title>\n<meta name=\"description\" content=\"Introduce tu correo electr\u00f3nico para recibir las instrucciones de restablecimiento de tu contrase\u00f1a en nuestro sitio web.\" \/>\n<meta name=\"robots\" content=\"index, follow, max-snippet:-1, max-image-preview:large, max-video-preview:-1\" \/>\n<link rel=\"canonical\" href=\"https:\/\/mellacaseta.cat\/es\/mi-cuenta\/\" \/>\n<meta property=\"og:locale\" content=\"es_ES\" \/>\n<meta property=\"og:type\" content=\"article\" \/>\n<meta property=\"og:title\" content=\"Recupera tu contrase\u00f1a de Mel La Caseta\" \/>\n<meta property=\"og:description\" content=\"Introduce tu correo electr\u00f3nico para recibir las instrucciones de restablecimiento de tu contrase\u00f1a en nuestro sitio web.\" \/>\n<meta property=\"og:url\" content=\"https:\/\/mellacaseta.cat\/es\/mi-cuenta\/\" \/>\n<meta property=\"og:site_name\" content=\"Mel La Caseta\" \/>\n<meta name=\"twitter:card\" content=\"summary_large_image\" \/>\n<script type=\"application\/ld+json\" class=\"yoast-schema-graph\">{\"@context\":\"https:\/\/schema.org\",\"@graph\":[{\"@type\":\"WebPage\",\"@id\":\"https:\/\/mellacaseta.cat\/es\/mi-cuenta\/\",\"url\":\"https:\/\/mellacaseta.cat\/es\/mi-cuenta\/\",\"name\":\"Recupera tu contrase\u00f1a de Mel La Caseta\",\"isPartOf\":{\"@id\":\"https:\/\/mellacaseta.cat\/es\/#website\"},\"datePublished\":\"2025-01-13T11:35:56+00:00\",\"description\":\"Introduce tu correo electr\u00f3nico para recibir las instrucciones de restablecimiento de tu contrase\u00f1a en nuestro sitio web.\",\"breadcrumb\":{\"@id\":\"https:\/\/mellacaseta.cat\/es\/mi-cuenta\/#breadcrumb\"},\"inLanguage\":\"es\",\"potentialAction\":[{\"@type\":\"ReadAction\",\"target\":[\"https:\/\/mellacaseta.cat\/es\/mi-cuenta\/\"]}]},{\"@type\":\"BreadcrumbList\",\"@id\":\"https:\/\/mellacaseta.cat\/es\/mi-cuenta\/#breadcrumb\",\"itemListElement\":[{\"@type\":\"ListItem\",\"position\":1,\"name\":\"Inici\",\"item\":\"https:\/\/mellacaseta.cat\/es\/inicio\/\"},{\"@type\":\"ListItem\",\"position\":2,\"name\":\"Mi cuenta\"}]},{\"@type\":\"WebSite\",\"@id\":\"https:\/\/mellacaseta.cat\/es\/#website\",\"url\":\"https:\/\/mellacaseta.cat\/es\/\",\"name\":\"Mel La Caseta\",\"description\":\"Mel 100% artesanal al cor del Bergued\u00e0\",\"potentialAction\":[{\"@type\":\"SearchAction\",\"target\":{\"@type\":\"EntryPoint\",\"urlTemplate\":\"https:\/\/mellacaseta.cat\/es\/?s={search_term_string}\"},\"query-input\":{\"@type\":\"PropertyValueSpecification\",\"valueRequired\":true,\"valueName\":\"search_term_string\"}}],\"inLanguage\":\"es\"}]}<\/script>\n<!-- \/ Yoast SEO plugin. -->","yoast_head_json":{"title":"Recupera tu contrase\u00f1a de Mel La Caseta","description":"Introduce tu correo electr\u00f3nico para recibir las instrucciones de restablecimiento de tu contrase\u00f1a en nuestro sitio web.","robots":{"index":"index","follow":"follow","max-snippet":"max-snippet:-1","max-image-preview":"max-image-preview:large","max-video-preview":"max-video-preview:-1"},"canonical":"https:\/\/mellacaseta.cat\/es\/mi-cuenta\/","og_locale":"es_ES","og_type":"article","og_title":"Recupera tu contrase\u00f1a de Mel La Caseta","og_description":"Introduce tu correo electr\u00f3nico para recibir las instrucciones de restablecimiento de tu contrase\u00f1a en nuestro sitio web.","og_url":"https:\/\/mellacaseta.cat\/es\/mi-cuenta\/","og_site_name":"Mel La Caseta","twitter_card":"summary_large_image","schema":{"@context":"https:\/\/schema.org","@graph":[{"@type":"WebPage","@id":"https:\/\/mellacaseta.cat\/es\/mi-cuenta\/","url":"https:\/\/mellacaseta.cat\/es\/mi-cuenta\/","name":"Recupera tu contrase\u00f1a de Mel La Caseta","isPartOf":{"@id":"https:\/\/mellacaseta.cat\/es\/#website"},"datePublished":"2025-01-13T11:35:56+00:00","description":"Introduce tu correo electr\u00f3nico para recibir las instrucciones de restablecimiento de tu contrase\u00f1a en nuestro sitio web.","breadcrumb":{"@id":"https:\/\/mellacaseta.cat\/es\/mi-cuenta\/#breadcrumb"},"inLanguage":"es","potentialAction":[{"@type":"ReadAction","target":["https:\/\/mellacaseta.cat\/es\/mi-cuenta\/"]}]},{"@type":"BreadcrumbList","@id":"https:\/\/mellacaseta.cat\/es\/mi-cuenta\/#breadcrumb","itemListElement":[{"@type":"ListItem","position":1,"name":"Inici","item":"https:\/\/mellacaseta.cat\/es\/inicio\/"},{"@type":"ListItem","position":2,"name":"Mi cuenta"}]},{"@type":"WebSite","@id":"https:\/\/mellacaseta.cat\/es\/#website","url":"https:\/\/mellacaseta.cat\/es\/","name":"Mel La Caseta","description":"Mel 100% artesanal al cor del Bergued\u00e0","potentialAction":[{"@type":"SearchAction","target":{"@type":"EntryPoint","urlTemplate":"https:\/\/mellacaseta.cat\/es\/?s={search_term_string}"},"query-input":{"@type":"PropertyValueSpecification","valueRequired":true,"valueName":"search_term_string"}}],"inLanguage":"es"}]}},"_links":{"self":[{"href":"https:\/\/mellacaseta.cat\/es\/wp-json\/wp\/v2\/pages\/2723","targetHints":{"allow":["GET"]}}],"collection":[{"href":"https:\/\/mellacaseta.cat\/es\/wp-json\/wp\/v2\/pages"}],"about":[{"href":"https:\/\/mellacaseta.cat\/es\/wp-json\/wp\/v2\/types\/page"}],"author":[{"embeddable":true,"href":"https:\/\/mellacaseta.cat\/es\/wp-json\/wp\/v2\/users\/1"}],"replies":[{"embeddable":true,"href":"https:\/\/mellacaseta.cat\/es\/wp-json\/wp\/v2\/comments?post=2723"}],"version-history":[{"count":0,"href":"https:\/\/mellacaseta.cat\/es\/wp-json\/wp\/v2\/pages\/2723\/revisions"}],"wp:attachment":[{"href":"https:\/\/mellacaseta.cat\/es\/wp-json\/wp\/v2\/media?parent=2723"}],"curies":[{"name":"wp","href":"https:\/\/api.w.org\/{rel}","templated":true}]}}